{"id":1327,"date":"2022-03-08T21:59:26","date_gmt":"2022-03-08T21:59:26","guid":{"rendered":"https:\/\/veltistafinancial.ca\/terms-of-use\/"},"modified":"2022-03-09T12:12:59","modified_gmt":"2022-03-09T12:12:59","slug":"terms-of-use","status":"publish","type":"page","link":"https:\/\/veltistafinancial.ca\/fr\/terms-of-use\/","title":{"rendered":"Conditions d&rsquo;utilisation"},"content":{"rendered":"\t\t<div data-elementor-type=\"wp-page\" data-elementor-id=\"1327\" class=\"elementor elementor-1327 elementor-1318\" data-elementor-post-type=\"page\">\n\t\t\t\t\t\t<section class=\"elementor-section elementor-top-section elementor-element elementor-element-0508112 elementor-section-boxed elementor-section-height-default elementor-section-height-default\" data-id=\"0508112\" data-element_type=\"section\">\n\t\t\t\t\t\t<div class=\"elementor-container elementor-column-gap-default\">\n\t\t\t\t\t<div class=\"elementor-column elementor-col-100 elementor-top-column elementor-element elementor-element-f1a3c4c\" data-id=\"f1a3c4c\" data-element_type=\"column\">\n\t\t\t<div class=\"elementor-widget-wrap elementor-element-populated\">\n\t\t\t\t\t\t<div class=\"elementor-element elementor-element-d31dd82 elementor-widget elementor-widget-heading\" data-id=\"d31dd82\" data-element_type=\"widget\" data-widget_type=\"heading.default\">\n\t\t\t\t<div class=\"elementor-widget-container\">\n\t\t\t\t\t<h2 class=\"elementor-heading-title elementor-size-default\">Conditions d'utilisation<\/h2>\t\t\t\t<\/div>\n\t\t\t\t<\/div>\n\t\t\t\t<div class=\"elementor-element elementor-element-6aff71f elementor-widget elementor-widget-spacer\" data-id=\"6aff71f\" data-element_type=\"widget\" data-widget_type=\"spacer.default\">\n\t\t\t\t<div class=\"elementor-widget-container\">\n\t\t\t\t\t\t\t<div class=\"elementor-spacer\">\n\t\t\t<div class=\"elementor-spacer-inner\"><\/div>\n\t\t<\/div>\n\t\t\t\t\t\t<\/div>\n\t\t\t\t<\/div>\n\t\t\t\t<div class=\"elementor-element elementor-element-a549235 elementor-widget elementor-widget-text-editor\" data-id=\"a549235\" data-element_type=\"widget\" data-widget_type=\"text-editor.default\">\n\t\t\t\t<div class=\"elementor-widget-container\">\n\t\t\t\t\t\t\t\t\t<p>Bienvenue sur le site Web VeltistaFinancial.ca.<\/p><p><br><\/p>\n<p>Veuillez lire ces modalit\u00e9s avant d\u2019utiliser ou de soumettre du contenu sous toute forme ou par tout moyen pour publication sur Veltistafinancial.ca. En continuant \u00e0 nous utiliser ou en soumettant du contenu ou des commentaires pour publication sur ce site, vous consentez \u00e0 respecter ces modalit\u00e9s et \u00e0 \u00eatre li\u00e9 par elles. Nous nous r\u00e9servons le droit de modifier ces modalit\u00e9s \u00e0 tout moment, et vous consentez (y compris par le fait que vous continuez \u00e0 utiliser notre site) \u00e0 \u00eatre li\u00e9 par ces modifications.<\/p>\n<p>Il vous faut v\u00e9rifier \u00e0 l\u2019occasion ces modalit\u00e9s et conditions pour demeurer inform\u00e9 de tout ajout ou modification.<\/p><p><br><\/p>\n<p><strong>SI VOUS NE SOUHAITEZ PAS \u00caTRE LI\u00c9 PAR CE CONTRAT, NE NAVIGUEZ PAS SUR veltistafinancial.ca<\/strong>.<\/p><p><br><\/p>\n<p>Tous droits r\u00e9serv\u00e9s<\/p><p><br><\/p>\n<p>Veltista Financial Services inc.(\u00ab&nbsp;Veltistafinancial.ca&nbsp;\u00bb) est soit titulaire des droits de propri\u00e9t\u00e9 intellectuelle sur le contenu de notre site Web, notamment du texte en HTML sous-jacent, du texte, des audio clips et des vid\u00e9oclips (y compris l\u2019am\u00e9nagement et la disposition de ce site); soit autoris\u00e9e, par le titulaire des droits de propri\u00e9t\u00e9 intellectuelle sur ce contenu, \u00e0 utiliser le contenu sur notre site Web. Tous les articles, blogues, vid\u00e9os, contenus et autres \u00e9l\u00e9ments dont est compos\u00e9 notre site sont aussi des \u0153uvres prot\u00e9g\u00e9es, et nous (sous r\u00e9serve des droits de nos conc\u00e9dants de licences et licenci\u00e9s en vertu des ententes, des accords et des arrangements applicables) avons tous les droits \u00e0 leur \u00e9gard. Vous devez respecter tous les autres avis ou toutes les autres restrictions sur le droit d\u2019auteur se trouvant sur notre site. Il est interdit de reproduire, de distribuer ou de transmettre les documents de ce site prot\u00e9g\u00e9s par un droit d\u2019auteur sans avoir pr\u00e9alablement obtenu la permission \u00e9crite de Veltistafinancial.ca.<\/p><p><br><\/p>\n<p>LICENCE RESTREINTE<\/p>\n<p>Veltistafinancial.ca vous conc\u00e8de une licence strictement restreinte qui vous autorise \u00e0 afficher \u00e0 votre ordinateur, \u00e0 imprimer, \u00e0 t\u00e9l\u00e9charger et \u00e0 utiliser, \u00e0 des fins exclusivement non commerciales (personnelles ou \u00e9ducatives), une seule copie du contenu de notre site Web, notamment du texte en HTML sous-jacent, du texte, des audio clips et des vid\u00e9oclips, pourvu que vous respectiez les conditions suivantes&nbsp;:<\/p>\n<ul>\n<li>Vous ne modifiez pas ce contenu;<\/li>\n<li>Vous faites figurer sur chaque copie de ce contenu l\u2019avis de droit d\u2019auteur qui s\u2019y rapporte et la pr\u00e9sente licence restreinte. Aucune autre utilisation n\u2019est autoris\u00e9e.<\/li>\n<\/ul>\n<p><br><\/p><p>Sans limiter la port\u00e9e g\u00e9n\u00e9rale de ce qui pr\u00e9c\u00e8de, il vous est interdit de faire ce qui suit&nbsp;:<\/p>\n<ul>\n<li>Utiliser ce contenu \u00e0 des fins commerciales;<\/li>\n<li>Incorporer ou ajouter ce contenu \u00e0 un produit que vous cr\u00e9ez ou que vous distribuez;<\/li>\n<li>Copier ce contenu sur votre site Web ou sur tout autre site Web;<\/li>\n<li>Distribuer ce contenu \u00e0 quiconque.<\/li>\n<\/ul>\n<p><br><\/p><p>Malgr\u00e9 ce qui pr\u00e9c\u00e8de, aucune disposition de la pr\u00e9sente licence n\u2019a pour effet de conf\u00e9rer quelque droit que ce soit en vertu du droit d\u2019auteur de Veltistafinancial.ca ou de tout autre titulaire d\u2019un droit d\u2019auteur \u00e0 l\u2019\u00e9gard du contenu fourni sur notre site Web.<\/p>\n<p><br><\/p><p>D\u00c9NI DE RESPONSABILIT\u00c9<\/p>\n<p>Vous utilisez \u00e0 vos risques ce site Web et le contenu que vous choisissez de t\u00e9l\u00e9charger. Veltistafinancial.ca n\u2019assume aucune responsabilit\u00e9 \u00e0 l\u2019\u00e9gard des co\u00fbts li\u00e9s aux pertes de donn\u00e9es, aux dommages qui leur sont caus\u00e9s, aux r\u00e9parations ou au remplacement de biens, de mat\u00e9riel ou d\u2019\u00e9quipement ou \u00e0 tout autre dommage qui r\u00e9sulte de votre utilisation de ce site Web ou des documents qui s\u2019y trouvent.<\/p>\n<p><br><\/p><p>VELTISTAFINANCIAL.CA NE GARANTIT PAS LA QUALIT\u00c9, L\u2019EXACTITUDE OU L\u2019INT\u00c9GRALIT\u00c9 DES PR\u00c9TENTIONS, D\u00c9CLARATIONS OU RENSEIGNEMENTS QUI SE TROUVENT SUR NOTRE SITE WEB. VELTISTAFINANCIAL.CA NE FAIT AUCUNE ASSERTION QUANT \u00c0 L\u2019ADAPTATION DES RENSEIGNEMENTS OU DES PRODUITS RENFERM\u00c9S OU OFFERTS SUR CE SITE WEB \u00c0 QUELQUE FIN QUE CE SOIT. TOUS LES RENSEIGNEMENTS SONT FOURNIS&nbsp;\u00ab&nbsp;TELS QUELS&nbsp;\u00bb, SANS GARANTIE OU CONDITION DE QUELQUE NATURE QUE CE SOIT. CE SITE WEB PEUT RENFERMER DES INEXACTITUDES OU DES ERREURS TYPOGRAPHIQUES. VELTISTAFINANCIAL.CA N\u2019EST EN AUCUN CAS RESPONSABLE DE QUELQUE DOMMAGE QUE CE SOIT, DIRECT OU INDIRECT, AYANT TRAIT \u00c0 L\u2019UTILISATION DE CE SITE WEB OU \u00c0 L\u2019INCAPACIT\u00c9 D\u2019UTILISER CE SITE WEB EN TEMPS OPPORTUN, OU AYANT TRAIT \u00c0 TOUT RENSEIGNEMENT, PRODUIT ET SERVICE OBTENUS PAR L\u2019ENTREMISE DE CE SITE WEB, OU D\u00c9COULANT AUTREMENT DE L\u2019UTILISATION DE CE SITE WEB, QUE LE DOMMAGE SOIT FOND\u00c9 SUR UN CONTRAT, UN D\u00c9LIT (Y COMPRIS LA N\u00c9GLIGENCE) OU AUTREMENT, ET CE, M\u00caME S\u2019IL Y A MANQUEMENT FONDAMENTAL OU SI VELTISTAFINANCIAL.CA A \u00c9T\u00c9 AVIS\u00c9E DE LA POSSIBILIT\u00c9 DE DOMMAGES.<\/p>\n<p><br><\/p><p>LES BLOGUEURS SONT IND\u00c9PENDANTS<\/p>\n<p>Si vous transmettez du contenu en tant que blogueur, vous serez trait\u00e9 comme un entrepreneur ind\u00e9pendant et non comme un employ\u00e9. Vous reconnaissez que vous n\u2019avez droit \u00e0 aucun salaire et que vous ne vous attendez \u00e0 aucune r\u00e9mun\u00e9ration pour le contenu que vous publiez. Vous reconnaissez \u00e9galement que vous n\u2019\u00eates admissible \u00e0 aucun r\u00e9gime ou programme d\u2019avantages sociaux. Vous devez obtenir et payer votre propre ordinateur, votre acc\u00e8s Internet, les approbations par des tiers et les licences, de m\u00eame que tout ce dont vous avez besoin pour cr\u00e9er et nous soumettre vos blogues. Vous reconnaissez que vous n\u2019\u00eates pas sous notre supervision ou contr\u00f4le et ne pouvez pr\u00e9tendre \u00eatre notre agent ou repr\u00e9sentant ni tenter de nous soumettre \u00e0 une quelconque obligation. Vous reconnaissez et acceptez que Veltistafinancial.ca offre un forum compos\u00e9 d\u2019un public local et cibl\u00e9 o\u00f9 vous pouvez exprimer vos points de vue, vos id\u00e9es et vos opinions personnelles. Si vous publiez des blogues sur le site Veltistafinancial.ca, vous d\u00e9cidez quand, o\u00f9 et \u00e0 quelle fr\u00e9quence vous \u00e9crivez et soumettez vos blogues. Vous pouvez \u00e9crire et fournir du contenu \u00e0 quiconque et en tout temps. Vous pouvez \u00e9crire sur le sujet de votre choix. Nous ne choisissons et n\u2019approuvons pas vos sujets.<\/p>\n<p><br><\/p><p>LIENS AUX SITES DE TIERS<\/p>\n<p><span style=\"color: var( --e-global-color-text ); font-family: var( --e-global-typography-text-font-family ), Sans-serif; font-size: var(--global--font-size-base);\">Ce site Web peut renfermer des hyperliens \u00e0 des sites Web exploit\u00e9s par des tiers autres que Veltistafinancial.ca. Ces hyperliens ne sont fournis que pour vous permettre de consulter ces autres sites Web. Veltistafinancial.ca ne contr\u00f4le pas ces sites Web et n\u2019est pas responsable de leur contenu. Le fait que des renseignements, des documents ou du contenu se trouvent sur ce site Web, qu\u2019ils y soient mentionn\u00e9s ou qu\u2019il y ait des liens vers eux ou \u00e0 partir d\u2019eux ne constitue pas une promotion expresse ou implicite de produits ou de services de tiers. Vous assumez seul les risques li\u00e9s \u00e0 votre acc\u00e8s \u00e0 ces sites et \u00e0 votre utilisation de ceux-ci, y compris les renseignements, documents, produits et services qui s\u2019y trouvent. En outre, l\u2019\u00e9nonc\u00e9 de notre politique relative \u00e0 la vie priv\u00e9e ne s\u2019applique que lorsque vous \u00eates sur notre site Web. Une fois li\u00e9 \u00e0 un autre site Web, vous devez lire la politique relative \u00e0 la vie priv\u00e9e de cet autre site avant de r\u00e9v\u00e9ler des renseignements personnels.<\/span><br><\/p>\n<p><br><\/p><p>UTILISATION DES COMMENTAIRES<\/p>\n<p>Vous vous engagez \u00e0 n\u2019utiliser les commentaires pour la communication que pour envoyer vos commentaires li\u00e9s \u00e0 l\u2019article ou au potin en particulier. Vous reconnaissez que les commentaires doivent \u00eatre approuv\u00e9s avant d\u2019\u00eatre publi\u00e9s sur Veltistafinancial.ca. Les commentaires sont filtr\u00e9s pour \u00e9liminer les propos racistes ou haineux, les propos diffamatoires, le langage inappropri\u00e9, les menaces envers les usagers et le spam. Veltistafinancial.ca ne fait pas d\u2019analyse ou de v\u00e9rification pour les faits dans les commentaires d\u2019utilisateur. Si vous vous appuyez sur des renseignements affich\u00e9s par d\u2019autres utilisateurs, vous en assumez seul le risque. Si certains de vos commentaires sont affich\u00e9s sur le site Web de Veltistafinancial.ca, vous conc\u00e9dez \u00e0 Veltistafinancial.ca et \u00e0 ses successeurs un droit et une licence non exclusifs, mondiaux, francs de redevance et perp\u00e9tuels, en vertu de votre droit d\u2019auteur, d\u2019utiliser, d\u2019adapter, de publier, de distribuer, de traduire, de reproduire et de cr\u00e9er des \u0153uvres d\u00e9riv\u00e9es ou fond\u00e9es sur ces documents dans tous les m\u00e9dias, et ce, sans obligation de vous rendre de compte. En outre, vous renoncez irr\u00e9vocablement \u00e0 tous vos droits moraux en tant qu\u2019auteur de ces renseignements, quel que soit leur fondement. Vous ne pouvez utiliser ce site Web qu\u2019\u00e0 des fins licites. Il vous est interdit d\u2019utiliser ce site Web pour faire ce qui suit&nbsp;:<\/p>\n<ul>\n<li>Afficher, stocker, transmettre, t\u00e9l\u00e9charger ou distribuer des documents qui rev\u00eatent un caract\u00e8re mena\u00e7ant, abusif, diffamatoire, obsc\u00e8ne ou r\u00e9pr\u00e9hensible sur le plan juridique, y compris tout ce qui pourrait constituer ou encourager une infraction criminelle, engager la responsabilit\u00e9 civile ou violer autrement des lois;<\/li>\n<li>Afficher des renseignements non publics au sujet de compagnies sans \u00eatre d\u00fbment autoris\u00e9 \u00e0 le faire;<\/li>\n<li>Fournir de faux renseignements;<\/li>\n<li>Vous faire passer pour quelqu\u2019un d\u2019autre;<\/li>\n<li>Afficher, transmettre ou distribuer autrement des documents qui renferment un virus, un cheval de Troie, un ver ou quelque autre \u00e9l\u00e9ment nocif ou perturbateur;<\/li>\n<li>T\u00e9l\u00e9charger, afficher, transmettre, distribuer ou reproduire autrement des renseignements, des logiciels ou tout autre document prot\u00e9g\u00e9s par le droit d\u2019auteur ou tout autre droit de propri\u00e9t\u00e9 intellectuelle sans avoir obtenu la permission du titulaire du droit d\u2019auteur ou autre droit en question.<\/li>\n<\/ul>\n<p><br><\/p><p>Veltistafinancial.ca se r\u00e9serve le droit, pour quelque motif que ce soit, d\u2019enlever sans pr\u00e9avis tout contenu de ce site Web re\u00e7u de vous, notamment les informations contenues dans vos commentaires. Veltistafinancial.ca se r\u00e9serve le droit de refuser \u00e0 quiconque, \u00e0 sa discr\u00e9tion exclusive, l\u2019acc\u00e8s \u00e0 ce site Web ou \u00e0 toute partie de celui-ci sans pr\u00e9avis. Veltistafinancial.ca se r\u00e9serve le droit de remanier tout avis d\u2019affichage \u00e0 des fins de lisibilit\u00e9 et de concision.<\/p>\n<p><br><\/p><p>R\u00c9SILIATION<\/p>\n<p>Sans limiter ce qui pr\u00e9c\u00e8de, Veltistafinancial.ca peut imm\u00e9diatement mettre fin \u00e0 votre acc\u00e8s \u00e0 ce site Web si vous vous comportez d\u2019une mani\u00e8re que Veltistafinancial.ca juge, \u00e0 sa discr\u00e9tion exclusive, inacceptable ou si vous manquez \u00e0 l\u2019une des pr\u00e9sentes conditions d\u2019utilisation.<\/p>\n<p><br><\/p><p>LOI APPLICABLE<\/p>\n<p>Veltista Financial Services inc. cr\u00e9e et contr\u00f4le ce site dans la province de Qu\u00e9bec (Canada). Par cons\u00e9quent, les lois de la province de Qu\u00e9bec et les lois f\u00e9d\u00e9rales canadiennes qui s\u2019y appliquent r\u00e9gissent les pr\u00e9sentes d\u00e9n\u00e9gations, modalit\u00e9s et conditions, sans donner effet aux principes de conflits de lois. Veltistafinancial.ca se r\u00e9serve le droit de modifier en tout temps son site de m\u00eame que les pr\u00e9sentes d\u00e9n\u00e9gations, modalit\u00e9s et conditions.<\/p>\n<p><br><\/p><p>ABONNEMENT, COMPTES ET MOTS DE PASSE<\/p>\n<p>Vous \u00eates responsable du maintien de la confidentialit\u00e9 de votre identit\u00e9 et de votre mot de passe. Veltistafinancial.ca ne pourra \u00eatre tenue responsable d\u2019un usage non autoris\u00e9 de votre compte. Dans le cas o\u00f9 la confidentialit\u00e9 de ces renseignements viendrait \u00e0 \u00eatre compromise, veuillez en avertir notre service le plus t\u00f4t possible afin d\u2019\u00e9viter une \u00e9ventuelle utilisation frauduleuse de votre identit\u00e9. Veltistafinancial.ca ne sera pas tenue responsable de toute perte ou tout dommage r\u00e9sultant notamment du non-respect des mesures de s\u00e9curit\u00e9 \u00e9nonc\u00e9es \u00e0 la pr\u00e9sente section. Il vous est, \u00e0 ce sujet, conseill\u00e9 de lire attentivement la LIMITE DE RESPONSABILIT\u00c9 contenue dans les pr\u00e9sentes conditions d\u2019utilisation pour prendre connaissance de l\u2019\u00e9tendue de vos responsabilit\u00e9s concernant les services des sites Veltista Financial Services inc.<\/p>\t\t\t\t\t\t\t\t<\/div>\n\t\t\t\t<\/div>\n\t\t\t\t\t<\/div>\n\t\t<\/div>\n\t\t\t\t\t<\/div>\n\t\t<\/section>\n\t\t\t\t<\/div>\n\t\t","protected":false},"excerpt":{"rendered":"<p>Conditions d&rsquo;utilisation Bienvenue sur le site Web VeltistaFinancial.ca. Veuillez lire ces modalit\u00e9s avant d\u2019utiliser ou de soumettre du contenu sous toute forme ou par tout moyen pour publication sur Veltistafinancial.ca. En continuant \u00e0 nous utiliser ou en soumettant du contenu ou des commentaires pour publication sur ce site, vous consentez \u00e0 respecter ces modalit\u00e9s et&hellip; <a class=\"more-link\" href=\"https:\/\/veltistafinancial.ca\/fr\/terms-of-use\/\">Poursuivre la lecture <span class=\"screen-reader-text\">Conditions d&rsquo;utilisation<\/span><\/a><\/p>\n","protected":false},"author":1,"featured_media":0,"parent":0,"menu_order":0,"comment_status":"closed","ping_status":"closed","template":"elementor_header_footer","meta":{"footnotes":""},"class_list":["post-1327","page","type-page","status-publish","hentry","entry"],"yoast_head":"<!-- This site is optimized with the Yoast SEO plugin v26.4 - https:\/\/yoast.com\/wordpress\/plugins\/seo\/ -->\n<title>Conditions d&#039;utilisation - Veltista - Financial Services | Services financiers<\/title>\n<meta name=\"robots\" content=\"index, follow, max-snippet:-1, max-image-preview:large, max-video-preview:-1\" \/>\n<link rel=\"canonical\" href=\"https:\/\/veltistafinancial.ca\/fr\/terms-of-use\/\" \/>\n<meta property=\"og:locale\" content=\"fr_FR\" \/>\n<meta property=\"og:type\" content=\"article\" \/>\n<meta property=\"og:title\" content=\"Conditions d&#039;utilisation - Veltista - Financial Services | Services financiers\" \/>\n<meta property=\"og:description\" content=\"Conditions d&rsquo;utilisation Bienvenue sur le site Web VeltistaFinancial.ca. Veuillez lire ces modalit\u00e9s avant d\u2019utiliser ou de soumettre du contenu sous toute forme ou par tout moyen pour publication sur Veltistafinancial.ca. En continuant \u00e0 nous utiliser ou en soumettant du contenu ou des commentaires pour publication sur ce site, vous consentez \u00e0 respecter ces modalit\u00e9s et&hellip; Poursuivre la lecture Conditions d&rsquo;utilisation\" \/>\n<meta property=\"og:url\" content=\"https:\/\/veltistafinancial.ca\/fr\/terms-of-use\/\" \/>\n<meta property=\"og:site_name\" content=\"Veltista - Financial Services | Services financiers\" \/>\n<meta property=\"article:modified_time\" content=\"2022-03-09T12:12:59+00:00\" \/>\n<meta name=\"twitter:card\" content=\"summary_large_image\" \/>\n<meta name=\"twitter:label1\" content=\"Dur\u00e9e de lecture estim\u00e9e\" \/>\n\t<meta name=\"twitter:data1\" content=\"10 minutes\" \/>\n<script type=\"application\/ld+json\" class=\"yoast-schema-graph\">{\"@context\":\"https:\/\/schema.org\",\"@graph\":[{\"@type\":\"WebPage\",\"@id\":\"https:\/\/veltistafinancial.ca\/fr\/terms-of-use\/\",\"url\":\"https:\/\/veltistafinancial.ca\/fr\/terms-of-use\/\",\"name\":\"Conditions d'utilisation - Veltista - Financial Services | Services financiers\",\"isPartOf\":{\"@id\":\"https:\/\/veltistafinancial.ca\/#website\"},\"datePublished\":\"2022-03-08T21:59:26+00:00\",\"dateModified\":\"2022-03-09T12:12:59+00:00\",\"breadcrumb\":{\"@id\":\"https:\/\/veltistafinancial.ca\/fr\/terms-of-use\/#breadcrumb\"},\"inLanguage\":\"fr-FR\",\"potentialAction\":[{\"@type\":\"ReadAction\",\"target\":[\"https:\/\/veltistafinancial.ca\/fr\/terms-of-use\/\"]}]},{\"@type\":\"BreadcrumbList\",\"@id\":\"https:\/\/veltistafinancial.ca\/fr\/terms-of-use\/#breadcrumb\",\"itemListElement\":[{\"@type\":\"ListItem\",\"position\":1,\"name\":\"Home\",\"item\":\"https:\/\/veltistafinancial.ca\/\"},{\"@type\":\"ListItem\",\"position\":2,\"name\":\"Conditions d&#8217;utilisation\"}]},{\"@type\":\"WebSite\",\"@id\":\"https:\/\/veltistafinancial.ca\/#website\",\"url\":\"https:\/\/veltistafinancial.ca\/\",\"name\":\"Veltista - Financial Services | Services financiers\",\"description\":\"Insurance, Saving and Investing solutions\",\"potentialAction\":[{\"@type\":\"SearchAction\",\"target\":{\"@type\":\"EntryPoint\",\"urlTemplate\":\"https:\/\/veltistafinancial.ca\/?s={search_term_string}\"},\"query-input\":{\"@type\":\"PropertyValueSpecification\",\"valueRequired\":true,\"valueName\":\"search_term_string\"}}],\"inLanguage\":\"fr-FR\"}]}<\/script>\n<!-- \/ Yoast SEO plugin. -->","yoast_head_json":{"title":"Conditions d'utilisation - Veltista - Financial Services | Services financiers","robots":{"index":"index","follow":"follow","max-snippet":"max-snippet:-1","max-image-preview":"max-image-preview:large","max-video-preview":"max-video-preview:-1"},"canonical":"https:\/\/veltistafinancial.ca\/fr\/terms-of-use\/","og_locale":"fr_FR","og_type":"article","og_title":"Conditions d'utilisation - Veltista - Financial Services | Services financiers","og_description":"Conditions d&rsquo;utilisation Bienvenue sur le site Web VeltistaFinancial.ca. Veuillez lire ces modalit\u00e9s avant d\u2019utiliser ou de soumettre du contenu sous toute forme ou par tout moyen pour publication sur Veltistafinancial.ca. En continuant \u00e0 nous utiliser ou en soumettant du contenu ou des commentaires pour publication sur ce site, vous consentez \u00e0 respecter ces modalit\u00e9s et&hellip; Poursuivre la lecture Conditions d&rsquo;utilisation","og_url":"https:\/\/veltistafinancial.ca\/fr\/terms-of-use\/","og_site_name":"Veltista - Financial Services | Services financiers","article_modified_time":"2022-03-09T12:12:59+00:00","twitter_card":"summary_large_image","twitter_misc":{"Dur\u00e9e de lecture estim\u00e9e":"10 minutes"},"schema":{"@context":"https:\/\/schema.org","@graph":[{"@type":"WebPage","@id":"https:\/\/veltistafinancial.ca\/fr\/terms-of-use\/","url":"https:\/\/veltistafinancial.ca\/fr\/terms-of-use\/","name":"Conditions d'utilisation - Veltista - Financial Services | Services financiers","isPartOf":{"@id":"https:\/\/veltistafinancial.ca\/#website"},"datePublished":"2022-03-08T21:59:26+00:00","dateModified":"2022-03-09T12:12:59+00:00","breadcrumb":{"@id":"https:\/\/veltistafinancial.ca\/fr\/terms-of-use\/#breadcrumb"},"inLanguage":"fr-FR","potentialAction":[{"@type":"ReadAction","target":["https:\/\/veltistafinancial.ca\/fr\/terms-of-use\/"]}]},{"@type":"BreadcrumbList","@id":"https:\/\/veltistafinancial.ca\/fr\/terms-of-use\/#breadcrumb","itemListElement":[{"@type":"ListItem","position":1,"name":"Home","item":"https:\/\/veltistafinancial.ca\/"},{"@type":"ListItem","position":2,"name":"Conditions d&#8217;utilisation"}]},{"@type":"WebSite","@id":"https:\/\/veltistafinancial.ca\/#website","url":"https:\/\/veltistafinancial.ca\/","name":"Veltista - Financial Services | Services financiers","description":"Insurance, Saving and Investing solutions","potentialAction":[{"@type":"SearchAction","target":{"@type":"EntryPoint","urlTemplate":"https:\/\/veltistafinancial.ca\/?s={search_term_string}"},"query-input":{"@type":"PropertyValueSpecification","valueRequired":true,"valueName":"search_term_string"}}],"inLanguage":"fr-FR"}]}},"_links":{"self":[{"href":"https:\/\/veltistafinancial.ca\/fr\/wp-json\/wp\/v2\/pages\/1327","targetHints":{"allow":["GET"]}}],"collection":[{"href":"https:\/\/veltistafinancial.ca\/fr\/wp-json\/wp\/v2\/pages"}],"about":[{"href":"https:\/\/veltistafinancial.ca\/fr\/wp-json\/wp\/v2\/types\/page"}],"author":[{"embeddable":true,"href":"https:\/\/veltistafinancial.ca\/fr\/wp-json\/wp\/v2\/users\/1"}],"replies":[{"embeddable":true,"href":"https:\/\/veltistafinancial.ca\/fr\/wp-json\/wp\/v2\/comments?post=1327"}],"version-history":[{"count":8,"href":"https:\/\/veltistafinancial.ca\/fr\/wp-json\/wp\/v2\/pages\/1327\/revisions"}],"predecessor-version":[{"id":1395,"href":"https:\/\/veltistafinancial.ca\/fr\/wp-json\/wp\/v2\/pages\/1327\/revisions\/1395"}],"wp:attachment":[{"href":"https:\/\/veltistafinancial.ca\/fr\/wp-json\/wp\/v2\/media?parent=1327"}],"curies":[{"name":"wp","href":"https:\/\/api.w.org\/{rel}","templated":true}]}}