{"id":1378,"date":"2022-03-09T12:02:35","date_gmt":"2022-03-09T12:02:35","guid":{"rendered":"https:\/\/veltistafinancial.ca\/carrieres-formulaire-dapplication\/"},"modified":"2025-04-17T18:27:49","modified_gmt":"2025-04-17T18:27:49","slug":"carrieres-formulaire-dapplication","status":"publish","type":"page","link":"https:\/\/veltistafinancial.ca\/fr\/carrieres-formulaire-dapplication\/","title":{"rendered":"Carri\u00e8res &#8211; Formulaire d&rsquo;application"},"content":{"rendered":"\t\t<div data-elementor-type=\"wp-page\" data-elementor-id=\"1378\" class=\"elementor elementor-1378 elementor-1373\" data-elementor-post-type=\"page\">\n\t\t\t\t\t\t<section class=\"elementor-section elementor-top-section elementor-element elementor-element-51b4b06e elementor-section-height-min-height elementor-section-boxed elementor-section-height-default elementor-section-items-middle\" data-id=\"51b4b06e\" data-element_type=\"section\" data-settings=\"{&quot;background_background&quot;:&quot;gradient&quot;}\">\n\t\t\t\t\t\t<div class=\"elementor-container elementor-column-gap-default\">\n\t\t\t\t\t<div class=\"elementor-column elementor-col-100 elementor-top-column elementor-element elementor-element-6ed1cd45 elementor-invisible\" data-id=\"6ed1cd45\" data-element_type=\"column\" data-settings=\"{&quot;animation&quot;:&quot;fadeInUp&quot;}\">\n\t\t\t<div class=\"elementor-widget-wrap elementor-element-populated\">\n\t\t\t\t\t\t<div class=\"elementor-element elementor-element-1f4d20d6 elementor-widget elementor-widget-heading\" data-id=\"1f4d20d6\" data-element_type=\"widget\" data-widget_type=\"heading.default\">\n\t\t\t\t<div class=\"elementor-widget-container\">\n\t\t\t\t\t<h2 class=\"elementor-heading-title elementor-size-default\">Formulaire d'application<\/h2>\t\t\t\t<\/div>\n\t\t\t\t<\/div>\n\t\t\t\t<div class=\"elementor-element elementor-element-323037b1 elementor-widget elementor-widget-text-editor\" data-id=\"323037b1\" data-element_type=\"widget\" data-widget_type=\"text-editor.default\">\n\t\t\t\t<div class=\"elementor-widget-container\">\n\t\t\t\t\t\t\t\t\t<p>Merci de votre int\u00e9r\u00eat pour Veltista Services Financiers ! Pour postuler sur l&rsquo;une des positions vacantes, utilisez le formulaire ci-dessous ou envoyez votre CV \u00e0 admin@veltistafinancial.com. Nous avons h\u00e2te de vous rencontrer!<\/p>\t\t\t\t\t\t\t\t<\/div>\n\t\t\t\t<\/div>\n\t\t\t\t\t<\/div>\n\t\t<\/div>\n\t\t\t\t\t<\/div>\n\t\t<\/section>\n\t\t\t\t<section class=\"elementor-section elementor-top-section elementor-element elementor-element-3c26763 elementor-section-boxed elementor-section-height-default elementor-section-height-default\" data-id=\"3c26763\" data-element_type=\"section\">\n\t\t\t\t\t\t<div class=\"elementor-container elementor-column-gap-default\">\n\t\t\t\t\t<div class=\"elementor-column elementor-col-100 elementor-top-column elementor-element elementor-element-01da10a\" data-id=\"01da10a\" data-element_type=\"column\">\n\t\t\t<div class=\"elementor-widget-wrap elementor-element-populated\">\n\t\t\t\t\t\t<div class=\"elementor-element elementor-element-f6939eb elementor-button-align-stretch elementor-widget elementor-widget-form\" data-id=\"f6939eb\" data-element_type=\"widget\" data-settings=\"{&quot;step_next_label&quot;:&quot;Suivant&quot;,&quot;step_previous_label&quot;:&quot;Pr\\u00e9c\\u00e9dent&quot;,&quot;button_width&quot;:&quot;100&quot;,&quot;step_type&quot;:&quot;number_text&quot;,&quot;step_icon_shape&quot;:&quot;circle&quot;}\" data-widget_type=\"form.default\">\n\t\t\t\t<div class=\"elementor-widget-container\">\n\t\t\t\t\t\t\t<form class=\"elementor-form\" method=\"post\" name=\"Formulaire d&#039;application\">\n\t\t\t<input type=\"hidden\" name=\"post_id\" value=\"1378\"\/>\n\t\t\t<input type=\"hidden\" name=\"form_id\" value=\"f6939eb\"\/>\n\t\t\t<input type=\"hidden\" name=\"referer_title\" value=\"Veltista &#8211; Financial Services | Services financiers\" \/>\n\n\t\t\t\n\t\t\t<div class=\"elementor-form-fields-wrapper elementor-labels-above\">\n\t\t\t\t\t\t\t\t<div class=\"elementor-field-type-text elementor-field-group elementor-column elementor-field-group-name elementor-col-100 elementor-field-required\">\n\t\t\t\t\t\t\t\t\t\t\t\t<label for=\"form-field-name\" class=\"elementor-field-label\">\n\t\t\t\t\t\t\t\tNom complet\t\t\t\t\t\t\t<\/label>\n\t\t\t\t\t\t\t\t\t\t\t\t\t\t<input size=\"1\" type=\"text\" name=\"form_fields[name]\" id=\"form-field-name\" class=\"elementor-field elementor-size-sm  elementor-field-textual\" placeholder=\"Nom complet\" required=\"required\">\n\t\t\t\t\t\t\t\t\t\t\t<\/div>\n\t\t\t\t\t\t\t\t<div class=\"elementor-field-type-email elementor-field-group elementor-column elementor-field-group-email elementor-col-100 elementor-field-required\">\n\t\t\t\t\t\t\t\t\t\t\t\t<label for=\"form-field-email\" class=\"elementor-field-label\">\n\t\t\t\t\t\t\t\tCourriel\t\t\t\t\t\t\t<\/label>\n\t\t\t\t\t\t\t\t\t\t\t\t\t\t<input size=\"1\" type=\"email\" name=\"form_fields[email]\" id=\"form-field-email\" class=\"elementor-field elementor-size-sm  elementor-field-textual\" placeholder=\"Courriel\" required=\"required\">\n\t\t\t\t\t\t\t\t\t\t\t<\/div>\n\t\t\t\t\t\t\t\t<div class=\"elementor-field-type-text elementor-field-group elementor-column elementor-field-group-field_d8b59a8 elementor-col-100 elementor-field-required\">\n\t\t\t\t\t\t\t\t\t\t\t\t<label for=\"form-field-field_d8b59a8\" class=\"elementor-field-label\">\n\t\t\t\t\t\t\t\tNum\u00e9ro de t\u00e9l\u00e9phone\t\t\t\t\t\t\t<\/label>\n\t\t\t\t\t\t\t\t\t\t\t\t\t\t<input size=\"1\" type=\"text\" name=\"form_fields[field_d8b59a8]\" id=\"form-field-field_d8b59a8\" class=\"elementor-field elementor-size-sm  elementor-field-textual\" placeholder=\"514 555-5555\" required=\"required\">\n\t\t\t\t\t\t\t\t\t\t\t<\/div>\n\t\t\t\t\t\t\t\t<div class=\"elementor-field-type-select elementor-field-group elementor-column elementor-field-group-field_277fa4f elementor-col-100 elementor-field-required\">\n\t\t\t\t\t\t\t\t\t\t\t\t<label for=\"form-field-field_277fa4f\" class=\"elementor-field-label\">\n\t\t\t\t\t\t\t\tPoste d\u00e9sir\u00e9\t\t\t\t\t\t\t<\/label>\n\t\t\t\t\t\t\t\t<div class=\"elementor-field elementor-select-wrapper remove-before \">\n\t\t\t<div class=\"select-caret-down-wrapper\">\n\t\t\t\t<i aria-hidden=\"true\" class=\"eicon-caret-down\"><\/i>\t\t\t<\/div>\n\t\t\t<select name=\"form_fields[field_277fa4f]\" id=\"form-field-field_277fa4f\" class=\"elementor-field-textual elementor-size-sm\" required=\"required\">\n\t\t\t\t\t\t\t\t\t<option value=\"Conseiller en s\u00e9curit\u00e9 financi\u00e8re\">Conseiller en s\u00e9curit\u00e9 financi\u00e8re<\/option>\n\t\t\t\t\t\t\t\t\t<option value=\"Repr\u00e9sentant en investissement\">Repr\u00e9sentant en investissement<\/option>\n\t\t\t\t\t\t\t\t\t<option value=\"Repr\u00e9sentant des ventes internes\">Repr\u00e9sentant des ventes internes<\/option>\n\t\t\t\t\t\t\t\t\t<option value=\"Assistant administratif\">Assistant administratif<\/option>\n\t\t\t\t\t\t\t<\/select>\n\t\t<\/div>\n\t\t\t\t\t\t<\/div>\n\t\t\t\t\t\t\t\t<div class=\"elementor-field-type-textarea elementor-field-group elementor-column elementor-field-group-message elementor-col-100 elementor-field-required\">\n\t\t\t\t\t\t\t\t\t\t\t\t<label for=\"form-field-message\" class=\"elementor-field-label\">\n\t\t\t\t\t\t\t\tMessage\t\t\t\t\t\t\t<\/label>\n\t\t\t\t\t\t<textarea class=\"elementor-field-textual elementor-field  elementor-size-sm\" name=\"form_fields[message]\" id=\"form-field-message\" rows=\"4\" placeholder=\"Message\" required=\"required\"><\/textarea>\t\t\t\t<\/div>\n\t\t\t\t\t\t\t\t<div class=\"elementor-field-type-upload elementor-field-group elementor-column elementor-field-group-field_8729d48 elementor-col-100\">\n\t\t\t\t\t\t\t\t\t\t\t\t<label for=\"form-field-field_8729d48\" class=\"elementor-field-label\">\n\t\t\t\t\t\t\t\tT\u00e9l\u00e9chargez votre Curriculum Vitae (Max. 3MB)\t\t\t\t\t\t\t<\/label>\n\t\t\t\t\t\t\t\t<input type=\"file\" name=\"form_fields[field_8729d48]\" id=\"form-field-field_8729d48\" class=\"elementor-field elementor-size-sm  elementor-upload-field\" data-maxsize=\"3\" data-maxsize-message=\"Ce fichier d\u00e9passe la taille maximale autoris\u00e9e.\">\n\n\t\t\t\t\t\t<\/div>\n\t\t\t\t\t\t\t\t<div class=\"elementor-field-group elementor-column elementor-field-type-submit elementor-col-100 e-form__buttons\">\n\t\t\t\t\t<button class=\"elementor-button elementor-size-sm\" type=\"submit\">\n\t\t\t\t\t\t<span class=\"elementor-button-content-wrapper\">\n\t\t\t\t\t\t\t\t\t\t\t\t\t\t\t\t\t\t\t\t\t\t<span class=\"elementor-button-text\">Envoyer<\/span>\n\t\t\t\t\t\t\t\t\t\t\t\t\t<\/span>\n\t\t\t\t\t<\/button>\n\t\t\t\t<\/div>\n\t\t\t<\/div>\n\t\t<\/form>\n\t\t\t\t\t\t<\/div>\n\t\t\t\t<\/div>\n\t\t\t\t\t<\/div>\n\t\t<\/div>\n\t\t\t\t\t<\/div>\n\t\t<\/section>\n\t\t\t\t<\/div>\n\t\t","protected":false},"excerpt":{"rendered":"<p>Formulaire d&rsquo;application Merci de votre int\u00e9r\u00eat pour Veltista Services Financiers ! Pour postuler sur l&rsquo;une des positions vacantes, utilisez le formulaire ci-dessous ou envoyez votre CV \u00e0 admin@veltistafinancial.com. Nous avons h\u00e2te de vous rencontrer!<\/p>\n","protected":false},"author":1,"featured_media":1369,"parent":0,"menu_order":0,"comment_status":"closed","ping_status":"closed","template":"elementor_header_footer","meta":{"footnotes":""},"class_list":["post-1378","page","type-page","status-publish","has-post-thumbnail","hentry","entry"],"yoast_head":"<!-- This site is optimized with the Yoast SEO plugin v26.4 - https:\/\/yoast.com\/wordpress\/plugins\/seo\/ -->\n<title>Carri\u00e8res - Formulaire d&#039;application - Veltista - Financial Services | Services financiers<\/title>\n<meta name=\"robots\" content=\"index, follow, max-snippet:-1, max-image-preview:large, max-video-preview:-1\" \/>\n<link rel=\"canonical\" href=\"https:\/\/veltistafinancial.ca\/fr\/carrieres-formulaire-dapplication\/\" \/>\n<meta property=\"og:locale\" content=\"fr_FR\" \/>\n<meta property=\"og:type\" content=\"article\" \/>\n<meta property=\"og:title\" content=\"Carri\u00e8res - Formulaire d&#039;application - Veltista - Financial Services | Services financiers\" \/>\n<meta property=\"og:description\" content=\"Formulaire d&rsquo;application Merci de votre int\u00e9r\u00eat pour Veltista Services Financiers ! Pour postuler sur l&rsquo;une des positions vacantes, utilisez le formulaire ci-dessous ou envoyez votre CV \u00e0 admin@veltistafinancial.com. Nous avons h\u00e2te de vous rencontrer!\" \/>\n<meta property=\"og:url\" content=\"https:\/\/veltistafinancial.ca\/fr\/carrieres-formulaire-dapplication\/\" \/>\n<meta property=\"og:site_name\" content=\"Veltista - Financial Services | Services financiers\" \/>\n<meta property=\"article:modified_time\" content=\"2025-04-17T18:27:49+00:00\" \/>\n<meta property=\"og:image\" content=\"https:\/\/veltistafinancial.ca\/wp-content\/uploads\/2022\/03\/Veltista_BusinessWomanFamily_621x500.jpg\" \/>\n\t<meta property=\"og:image:width\" content=\"621\" \/>\n\t<meta property=\"og:image:height\" content=\"500\" \/>\n\t<meta property=\"og:image:type\" content=\"image\/jpeg\" \/>\n<meta name=\"twitter:card\" content=\"summary_large_image\" \/>\n<meta name=\"twitter:label1\" content=\"Dur\u00e9e de lecture estim\u00e9e\" \/>\n\t<meta name=\"twitter:data1\" content=\"1 minute\" \/>\n<script type=\"application\/ld+json\" class=\"yoast-schema-graph\">{\"@context\":\"https:\/\/schema.org\",\"@graph\":[{\"@type\":\"WebPage\",\"@id\":\"https:\/\/veltistafinancial.ca\/fr\/carrieres-formulaire-dapplication\/\",\"url\":\"https:\/\/veltistafinancial.ca\/fr\/carrieres-formulaire-dapplication\/\",\"name\":\"Carri\u00e8res - Formulaire d'application - Veltista - Financial Services | Services financiers\",\"isPartOf\":{\"@id\":\"https:\/\/veltistafinancial.ca\/#website\"},\"primaryImageOfPage\":{\"@id\":\"https:\/\/veltistafinancial.ca\/fr\/carrieres-formulaire-dapplication\/#primaryimage\"},\"image\":{\"@id\":\"https:\/\/veltistafinancial.ca\/fr\/carrieres-formulaire-dapplication\/#primaryimage\"},\"thumbnailUrl\":\"https:\/\/veltistafinancial.ca\/wp-content\/uploads\/2022\/03\/Veltista_BusinessWomanFamily_621x500.jpg\",\"datePublished\":\"2022-03-09T12:02:35+00:00\",\"dateModified\":\"2025-04-17T18:27:49+00:00\",\"breadcrumb\":{\"@id\":\"https:\/\/veltistafinancial.ca\/fr\/carrieres-formulaire-dapplication\/#breadcrumb\"},\"inLanguage\":\"fr-FR\",\"potentialAction\":[{\"@type\":\"ReadAction\",\"target\":[\"https:\/\/veltistafinancial.ca\/fr\/carrieres-formulaire-dapplication\/\"]}]},{\"@type\":\"ImageObject\",\"inLanguage\":\"fr-FR\",\"@id\":\"https:\/\/veltistafinancial.ca\/fr\/carrieres-formulaire-dapplication\/#primaryimage\",\"url\":\"https:\/\/veltistafinancial.ca\/wp-content\/uploads\/2022\/03\/Veltista_BusinessWomanFamily_621x500.jpg\",\"contentUrl\":\"https:\/\/veltistafinancial.ca\/wp-content\/uploads\/2022\/03\/Veltista_BusinessWomanFamily_621x500.jpg\",\"width\":621,\"height\":500},{\"@type\":\"BreadcrumbList\",\"@id\":\"https:\/\/veltistafinancial.ca\/fr\/carrieres-formulaire-dapplication\/#breadcrumb\",\"itemListElement\":[{\"@type\":\"ListItem\",\"position\":1,\"name\":\"Home\",\"item\":\"https:\/\/veltistafinancial.ca\/\"},{\"@type\":\"ListItem\",\"position\":2,\"name\":\"Carri\u00e8res &#8211; Formulaire d&rsquo;application\"}]},{\"@type\":\"WebSite\",\"@id\":\"https:\/\/veltistafinancial.ca\/#website\",\"url\":\"https:\/\/veltistafinancial.ca\/\",\"name\":\"Veltista - Financial Services | Services financiers\",\"description\":\"Insurance, Saving and Investing solutions\",\"potentialAction\":[{\"@type\":\"SearchAction\",\"target\":{\"@type\":\"EntryPoint\",\"urlTemplate\":\"https:\/\/veltistafinancial.ca\/?s={search_term_string}\"},\"query-input\":{\"@type\":\"PropertyValueSpecification\",\"valueRequired\":true,\"valueName\":\"search_term_string\"}}],\"inLanguage\":\"fr-FR\"}]}<\/script>\n<!-- \/ Yoast SEO plugin. -->","yoast_head_json":{"title":"Carri\u00e8res - Formulaire d'application - Veltista - Financial Services | Services financiers","robots":{"index":"index","follow":"follow","max-snippet":"max-snippet:-1","max-image-preview":"max-image-preview:large","max-video-preview":"max-video-preview:-1"},"canonical":"https:\/\/veltistafinancial.ca\/fr\/carrieres-formulaire-dapplication\/","og_locale":"fr_FR","og_type":"article","og_title":"Carri\u00e8res - Formulaire d'application - Veltista - Financial Services | Services financiers","og_description":"Formulaire d&rsquo;application Merci de votre int\u00e9r\u00eat pour Veltista Services Financiers ! Pour postuler sur l&rsquo;une des positions vacantes, utilisez le formulaire ci-dessous ou envoyez votre CV \u00e0 admin@veltistafinancial.com. Nous avons h\u00e2te de vous rencontrer!","og_url":"https:\/\/veltistafinancial.ca\/fr\/carrieres-formulaire-dapplication\/","og_site_name":"Veltista - Financial Services | Services financiers","article_modified_time":"2025-04-17T18:27:49+00:00","og_image":[{"width":621,"height":500,"url":"https:\/\/veltistafinancial.ca\/wp-content\/uploads\/2022\/03\/Veltista_BusinessWomanFamily_621x500.jpg","type":"image\/jpeg"}],"twitter_card":"summary_large_image","twitter_misc":{"Dur\u00e9e de lecture estim\u00e9e":"1 minute"},"schema":{"@context":"https:\/\/schema.org","@graph":[{"@type":"WebPage","@id":"https:\/\/veltistafinancial.ca\/fr\/carrieres-formulaire-dapplication\/","url":"https:\/\/veltistafinancial.ca\/fr\/carrieres-formulaire-dapplication\/","name":"Carri\u00e8res - Formulaire d'application - Veltista - Financial Services | Services financiers","isPartOf":{"@id":"https:\/\/veltistafinancial.ca\/#website"},"primaryImageOfPage":{"@id":"https:\/\/veltistafinancial.ca\/fr\/carrieres-formulaire-dapplication\/#primaryimage"},"image":{"@id":"https:\/\/veltistafinancial.ca\/fr\/carrieres-formulaire-dapplication\/#primaryimage"},"thumbnailUrl":"https:\/\/veltistafinancial.ca\/wp-content\/uploads\/2022\/03\/Veltista_BusinessWomanFamily_621x500.jpg","datePublished":"2022-03-09T12:02:35+00:00","dateModified":"2025-04-17T18:27:49+00:00","breadcrumb":{"@id":"https:\/\/veltistafinancial.ca\/fr\/carrieres-formulaire-dapplication\/#breadcrumb"},"inLanguage":"fr-FR","potentialAction":[{"@type":"ReadAction","target":["https:\/\/veltistafinancial.ca\/fr\/carrieres-formulaire-dapplication\/"]}]},{"@type":"ImageObject","inLanguage":"fr-FR","@id":"https:\/\/veltistafinancial.ca\/fr\/carrieres-formulaire-dapplication\/#primaryimage","url":"https:\/\/veltistafinancial.ca\/wp-content\/uploads\/2022\/03\/Veltista_BusinessWomanFamily_621x500.jpg","contentUrl":"https:\/\/veltistafinancial.ca\/wp-content\/uploads\/2022\/03\/Veltista_BusinessWomanFamily_621x500.jpg","width":621,"height":500},{"@type":"BreadcrumbList","@id":"https:\/\/veltistafinancial.ca\/fr\/carrieres-formulaire-dapplication\/#breadcrumb","itemListElement":[{"@type":"ListItem","position":1,"name":"Home","item":"https:\/\/veltistafinancial.ca\/"},{"@type":"ListItem","position":2,"name":"Carri\u00e8res &#8211; Formulaire d&rsquo;application"}]},{"@type":"WebSite","@id":"https:\/\/veltistafinancial.ca\/#website","url":"https:\/\/veltistafinancial.ca\/","name":"Veltista - Financial Services | Services financiers","description":"Insurance, Saving and Investing solutions","potentialAction":[{"@type":"SearchAction","target":{"@type":"EntryPoint","urlTemplate":"https:\/\/veltistafinancial.ca\/?s={search_term_string}"},"query-input":{"@type":"PropertyValueSpecification","valueRequired":true,"valueName":"search_term_string"}}],"inLanguage":"fr-FR"}]}},"_links":{"self":[{"href":"https:\/\/veltistafinancial.ca\/fr\/wp-json\/wp\/v2\/pages\/1378","targetHints":{"allow":["GET"]}}],"collection":[{"href":"https:\/\/veltistafinancial.ca\/fr\/wp-json\/wp\/v2\/pages"}],"about":[{"href":"https:\/\/veltistafinancial.ca\/fr\/wp-json\/wp\/v2\/types\/page"}],"author":[{"embeddable":true,"href":"https:\/\/veltistafinancial.ca\/fr\/wp-json\/wp\/v2\/users\/1"}],"replies":[{"embeddable":true,"href":"https:\/\/veltistafinancial.ca\/fr\/wp-json\/wp\/v2\/comments?post=1378"}],"version-history":[{"count":6,"href":"https:\/\/veltistafinancial.ca\/fr\/wp-json\/wp\/v2\/pages\/1378\/revisions"}],"predecessor-version":[{"id":1849,"href":"https:\/\/veltistafinancial.ca\/fr\/wp-json\/wp\/v2\/pages\/1378\/revisions\/1849"}],"wp:featuredmedia":[{"embeddable":true,"href":"https:\/\/veltistafinancial.ca\/fr\/wp-json\/wp\/v2\/media\/1369"}],"wp:attachment":[{"href":"https:\/\/veltistafinancial.ca\/fr\/wp-json\/wp\/v2\/media?parent=1378"}],"curies":[{"name":"wp","href":"https:\/\/api.w.org\/{rel}","templated":true}]}}