{"id":1412,"date":"2022-03-09T12:35:10","date_gmt":"2022-03-09T12:35:10","guid":{"rendered":"https:\/\/veltistafinancial.ca\/contactez-nous\/"},"modified":"2022-10-05T01:16:35","modified_gmt":"2022-10-05T01:16:35","slug":"contactez-nous","status":"publish","type":"page","link":"https:\/\/veltistafinancial.ca\/fr\/contactez-nous\/","title":{"rendered":"Contactez-nous"},"content":{"rendered":"\t\t<div data-elementor-type=\"wp-page\" data-elementor-id=\"1412\" class=\"elementor elementor-1412 elementor-770\" data-elementor-post-type=\"page\">\n\t\t\t\t\t\t<section class=\"elementor-section elementor-top-section elementor-element elementor-element-51b4b06e elementor-section-height-min-height elementor-section-boxed elementor-section-height-default elementor-section-items-middle\" data-id=\"51b4b06e\" data-element_type=\"section\" data-settings=\"{&quot;background_background&quot;:&quot;gradient&quot;}\">\n\t\t\t\t\t\t<div class=\"elementor-container elementor-column-gap-default\">\n\t\t\t\t\t<div class=\"elementor-column elementor-col-100 elementor-top-column elementor-element elementor-element-6ed1cd45 elementor-invisible\" data-id=\"6ed1cd45\" data-element_type=\"column\" data-settings=\"{&quot;animation&quot;:&quot;fadeInUp&quot;}\">\n\t\t\t<div class=\"elementor-widget-wrap elementor-element-populated\">\n\t\t\t\t\t\t<div class=\"elementor-element elementor-element-1f4d20d6 elementor-widget elementor-widget-heading\" data-id=\"1f4d20d6\" data-element_type=\"widget\" data-widget_type=\"heading.default\">\n\t\t\t\t<div class=\"elementor-widget-container\">\n\t\t\t\t\t<h2 class=\"elementor-heading-title elementor-size-default\">Contactez-nous<\/h2>\t\t\t\t<\/div>\n\t\t\t\t<\/div>\n\t\t\t\t\t<\/div>\n\t\t<\/div>\n\t\t\t\t\t<\/div>\n\t\t<\/section>\n\t\t\t\t<section class=\"elementor-section elementor-top-section elementor-element elementor-element-3c26763 elementor-section-boxed elementor-section-height-default elementor-section-height-default\" data-id=\"3c26763\" data-element_type=\"section\">\n\t\t\t\t\t\t<div class=\"elementor-container elementor-column-gap-default\">\n\t\t\t\t\t<div class=\"elementor-column elementor-col-100 elementor-top-column elementor-element elementor-element-01da10a\" data-id=\"01da10a\" data-element_type=\"column\">\n\t\t\t<div class=\"elementor-widget-wrap elementor-element-populated\">\n\t\t\t\t\t\t<div class=\"elementor-element elementor-element-6cb4b3d elementor-widget elementor-widget-heading\" data-id=\"6cb4b3d\" data-element_type=\"widget\" data-widget_type=\"heading.default\">\n\t\t\t\t<div class=\"elementor-widget-container\">\n\t\t\t\t\t<h2 class=\"elementor-heading-title elementor-size-default\">Nous sommes l\u00e0 pour vous aider<\/h2>\t\t\t\t<\/div>\n\t\t\t\t<\/div>\n\t\t\t\t<div class=\"elementor-element elementor-element-5d3fe39 elementor-widget elementor-widget-text-editor\" data-id=\"5d3fe39\" data-element_type=\"widget\" data-widget_type=\"text-editor.default\">\n\t\t\t\t<div class=\"elementor-widget-container\">\n\t\t\t\t\t\t\t\t\t<p>Si vous \u00eates pr\u00eat \u00e0 \u00e9tablir un plan financier, \u00e0 parler de vos finances ou si vous avez des questions, nous serions heureux de vous aider \u00e0 vous mettre sur la bonne voie. Un de nos conseillers vous assistera dans les plus brefs d\u00e9lais.<\/p>\t\t\t\t\t\t\t\t<\/div>\n\t\t\t\t<\/div>\n\t\t\t\t\t<\/div>\n\t\t<\/div>\n\t\t\t\t\t<\/div>\n\t\t<\/section>\n\t\t\t\t<section class=\"elementor-section elementor-top-section elementor-element elementor-element-5e225f9 elementor-section-boxed elementor-section-height-default elementor-section-height-default\" data-id=\"5e225f9\" data-element_type=\"section\" data-settings=\"{&quot;background_background&quot;:&quot;classic&quot;}\">\n\t\t\t\t\t\t<div class=\"elementor-container elementor-column-gap-default\">\n\t\t\t\t\t<div class=\"elementor-column elementor-col-25 elementor-top-column elementor-element elementor-element-06fb08f\" data-id=\"06fb08f\" data-element_type=\"column\">\n\t\t\t<div class=\"elementor-widget-wrap elementor-element-populated\">\n\t\t\t\t\t\t<div class=\"elementor-element elementor-element-baa5c48 elementor-view-default elementor-widget elementor-widget-icon\" data-id=\"baa5c48\" data-element_type=\"widget\" data-widget_type=\"icon.default\">\n\t\t\t\t<div class=\"elementor-widget-container\">\n\t\t\t\t\t\t\t<div class=\"elementor-icon-wrapper\">\n\t\t\t<div class=\"elementor-icon\">\n\t\t\t<svg xmlns=\"http:\/\/www.w3.org\/2000\/svg\" xmlns:xlink=\"http:\/\/www.w3.org\/1999\/xlink\" id=\"ace2d41c-3361-4d58-831f-57c82035729a\" data-name=\"Calque 1\" viewBox=\"0 0 27.69 39.03\"><defs><style>.ad5d2db6-eeb5-4d2c-9b63-ddfc3fc81b77{fill:url(#b545042b-e5be-4420-b9b8-b292823dcf26);}<\/style><radialGradient id=\"b545042b-e5be-4420-b9b8-b292823dcf26\" cx=\"29.01\" cy=\"37.12\" r=\"48.76\" gradientUnits=\"userSpaceOnUse\"><stop offset=\"0\" stop-color=\"#038dcd\"><\/stop><stop offset=\"1\" stop-color=\"#134a9c\"><\/stop><\/radialGradient><\/defs><path class=\"ad5d2db6-eeb5-4d2c-9b63-ddfc3fc81b77\" d=\"M22.51,39h0C18.28,39,10.16,32.92,5.2,24.26l.61-.57-.7.41L5,23.92C0,15.26-1.09,5.18,1,1.55A2.71,2.71,0,0,1,3.36,0L8.64.24a2.17,2.17,0,0,1,1.71,1.05l.12.22a3.65,3.65,0,0,1,.38,2c0,.35,0,.79.05,1.36.11.89.27,2.24.44,3.13a2.36,2.36,0,0,1-1.55,2.75l-1.37.36a1,1,0,0,0-.61.47c-.24.43.24,2.82,2.57,7.4.37.71.68,1.29.87,1.63s.54.9,1,1.57c2.77,4.32,4.58,5.95,5.08,6a1,1,0,0,0,.71-.28l1-1a2.35,2.35,0,0,1,3.16.05c.63.55,1.58,1.28,2.52,2,.44.29.82.52,1.11.7A3.5,3.5,0,0,1,27.33,31l0,.05a2.19,2.19,0,0,1,.1,2.1L25,37.74A2.71,2.71,0,0,1,22.51,39Zm-16-15.85.1.19c5,8.69,12.62,14,15.92,14h0c.82,0,1-.35,1.1-.47L26,32.35a.56.56,0,0,0,0-.47l-.09-.14c-.13-.26-.19-.31-1-.8-.3-.19-.69-.43-1.19-.76-1-.75-2-1.5-2.65-2.09a.73.73,0,0,0-1-.1l-1,1a2.77,2.77,0,0,1-1.88.76c-.53,0-2.15,0-6.42-6.71-.45-.7-.8-1.29-1-1.64s-.53-1-.9-1.7c-3.6-7.06-2.81-8.47-2.54-8.94A2.64,2.64,0,0,1,8,9.5l1.37-.36a.75.75,0,0,0,.38-.88C9.56,7.32,9.39,5.93,9.28,5c0-.64,0-1.1-.06-1.45,0-.93,0-1-.19-1.25L9,2.15a.55.55,0,0,0-.4-.29L3.33,1.62c-.09,0-.51,0-.93.74-1.64,2.87-.91,12.15,4,20.75l-.71.41Z\"><\/path><\/svg>\t\t\t<\/div>\n\t\t<\/div>\n\t\t\t\t\t\t<\/div>\n\t\t\t\t<\/div>\n\t\t\t\t<div class=\"elementor-element elementor-element-355a783 elementor-widget elementor-widget-heading\" data-id=\"355a783\" data-element_type=\"widget\" data-widget_type=\"heading.default\">\n\t\t\t\t<div class=\"elementor-widget-container\">\n\t\t\t\t\t<h2 class=\"elementor-heading-title elementor-size-default\">Par t\u00e9l\u00e9phone<\/h2>\t\t\t\t<\/div>\n\t\t\t\t<\/div>\n\t\t\t\t<div class=\"elementor-element elementor-element-50c68f9 elementor-widget elementor-widget-text-editor\" data-id=\"50c68f9\" data-element_type=\"widget\" data-widget_type=\"text-editor.default\">\n\t\t\t\t<div class=\"elementor-widget-container\">\n\t\t\t\t\t\t\t\t\t<p><strong>514 660-2324<\/strong><\/p>\t\t\t\t\t\t\t\t<\/div>\n\t\t\t\t<\/div>\n\t\t\t\t\t<\/div>\n\t\t<\/div>\n\t\t\t\t<div class=\"elementor-column elementor-col-25 elementor-top-column elementor-element elementor-element-ec27bc3\" data-id=\"ec27bc3\" data-element_type=\"column\">\n\t\t\t<div class=\"elementor-widget-wrap elementor-element-populated\">\n\t\t\t\t\t\t<div class=\"elementor-element elementor-element-fc3f42f elementor-view-default elementor-widget elementor-widget-icon\" data-id=\"fc3f42f\" data-element_type=\"widget\" data-widget_type=\"icon.default\">\n\t\t\t\t<div class=\"elementor-widget-container\">\n\t\t\t\t\t\t\t<div class=\"elementor-icon-wrapper\">\n\t\t\t<div class=\"elementor-icon\">\n\t\t\t<svg xmlns=\"http:\/\/www.w3.org\/2000\/svg\" xmlns:xlink=\"http:\/\/www.w3.org\/1999\/xlink\" id=\"ae9772d4-3204-4777-a181-96f8028b65a1\" data-name=\"Calque 1\" viewBox=\"0 0 54.04 68.24\"><defs><style>.a0d3d2ae-8161-4bd3-9989-386ae76d4159{fill:url(#b5c074af-84f6-46f9-b2e5-28a82d544061);}<\/style><radialGradient id=\"b5c074af-84f6-46f9-b2e5-28a82d544061\" cx=\"58.39\" cy=\"50.08\" r=\"54.14\" gradientUnits=\"userSpaceOnUse\"><stop offset=\"0\" stop-color=\"#038dcd\"><\/stop><stop offset=\"1\" stop-color=\"#134a9c\"><\/stop><\/radialGradient><\/defs><path class=\"a0d3d2ae-8161-4bd3-9989-386ae76d4159\" d=\"M28.44,68.24a1.44,1.44,0,0,1-.86-.29L11.26,55.4A36.75,36.75,0,0,1,0,28.8V8.91a4.32,4.32,0,0,1,2.65-4c16.63-6.61,32.91-6.52,48.4.27a4.15,4.15,0,0,1,3,4.09V29.87a36.49,36.49,0,0,1-9.86,25.2L29.37,67.89A1.42,1.42,0,0,1,28.44,68.24ZM26.91,2.86A62.39,62.39,0,0,0,3.7,7.54a1.48,1.48,0,0,0-.86,1.37V28.8A33.85,33.85,0,0,0,13.11,53.24L28.39,65,42.22,53a34.14,34.14,0,0,0,9-23.15V9.25a1.41,1.41,0,0,0-1-1.4A57.66,57.66,0,0,0,26.91,2.86Z\"><\/path><path class=\"a0d3d2ae-8161-4bd3-9989-386ae76d4159\" d=\"M38.18,14.81A2.24,2.24,0,0,0,35.26,16L27.11,35.67l-3.32-9.15A2.6,2.6,0,1,0,18.9,28.3l5.54,15.35.09-.17a2.22,2.22,0,0,0,1.25,1.3,2.38,2.38,0,0,0,.84.18h.23A2.28,2.28,0,0,0,29,43.58L39.42,17.76A2.26,2.26,0,0,0,38.18,14.81Z\"><\/path><\/svg>\t\t\t<\/div>\n\t\t<\/div>\n\t\t\t\t\t\t<\/div>\n\t\t\t\t<\/div>\n\t\t\t\t<div class=\"elementor-element elementor-element-25bc606 elementor-widget elementor-widget-heading\" data-id=\"25bc606\" data-element_type=\"widget\" data-widget_type=\"heading.default\">\n\t\t\t\t<div class=\"elementor-widget-container\">\n\t\t\t\t\t<h2 class=\"elementor-heading-title elementor-size-default\">Par courriel<\/h2>\t\t\t\t<\/div>\n\t\t\t\t<\/div>\n\t\t\t\t<div class=\"elementor-element elementor-element-6330186 elementor-widget elementor-widget-text-editor\" data-id=\"6330186\" data-element_type=\"widget\" data-widget_type=\"text-editor.default\">\n\t\t\t\t<div class=\"elementor-widget-container\">\n\t\t\t\t\t\t\t\t\t<p><a href=\"mailto:info@veltistafinancial.com\"><strong>info@veltistafinancial.com<\/strong><\/a><\/p>\t\t\t\t\t\t\t\t<\/div>\n\t\t\t\t<\/div>\n\t\t\t\t\t<\/div>\n\t\t<\/div>\n\t\t\t\t<div class=\"elementor-column elementor-col-25 elementor-top-column elementor-element elementor-element-8000400\" data-id=\"8000400\" data-element_type=\"column\">\n\t\t\t<div class=\"elementor-widget-wrap elementor-element-populated\">\n\t\t\t\t\t\t<div class=\"elementor-element elementor-element-9431511 elementor-view-default elementor-widget elementor-widget-icon\" data-id=\"9431511\" data-element_type=\"widget\" data-widget_type=\"icon.default\">\n\t\t\t\t<div class=\"elementor-widget-container\">\n\t\t\t\t\t\t\t<div class=\"elementor-icon-wrapper\">\n\t\t\t<div class=\"elementor-icon\">\n\t\t\t<i aria-hidden=\"true\" class=\"far fa-building\"><\/i>\t\t\t<\/div>\n\t\t<\/div>\n\t\t\t\t\t\t<\/div>\n\t\t\t\t<\/div>\n\t\t\t\t<div class=\"elementor-element elementor-element-f087917 elementor-widget elementor-widget-heading\" data-id=\"f087917\" data-element_type=\"widget\" data-widget_type=\"heading.default\">\n\t\t\t\t<div class=\"elementor-widget-container\">\n\t\t\t\t\t<h2 class=\"elementor-heading-title elementor-size-default\">Nos bureaux<\/h2>\t\t\t\t<\/div>\n\t\t\t\t<\/div>\n\t\t\t\t<div class=\"elementor-element elementor-element-d5b6b41 elementor-widget elementor-widget-text-editor\" data-id=\"d5b6b41\" data-element_type=\"widget\" data-widget_type=\"text-editor.default\">\n\t\t\t\t<div class=\"elementor-widget-container\">\n\t\t\t\t\t\t\t\t\t<p><strong>1565 Boul. de l\u2019Avenir,<\/strong><br><strong>Bureau 206<\/strong><br><strong>Laval, QC H7S 2N5<\/strong><\/p>\t\t\t\t\t\t\t\t<\/div>\n\t\t\t\t<\/div>\n\t\t\t\t\t<\/div>\n\t\t<\/div>\n\t\t\t\t<div class=\"elementor-column elementor-col-25 elementor-top-column elementor-element elementor-element-8a5f115\" data-id=\"8a5f115\" data-element_type=\"column\">\n\t\t\t<div class=\"elementor-widget-wrap elementor-element-populated\">\n\t\t\t\t\t\t<div class=\"elementor-element elementor-element-84159d8 elementor-view-default elementor-widget elementor-widget-icon\" data-id=\"84159d8\" data-element_type=\"widget\" data-widget_type=\"icon.default\">\n\t\t\t\t<div class=\"elementor-widget-container\">\n\t\t\t\t\t\t\t<div class=\"elementor-icon-wrapper\">\n\t\t\t<div class=\"elementor-icon\">\n\t\t\t<svg xmlns=\"http:\/\/www.w3.org\/2000\/svg\" xmlns:xlink=\"http:\/\/www.w3.org\/1999\/xlink\" id=\"a60136b1-a14b-40e3-96c9-9cc4315297bd\" data-name=\"Calque 1\" viewBox=\"0 0 48.54 40.73\"><defs><style>.a78f721a-fde3-4dab-8b77-56b1e2da3591{fill:url(#af6ad9a2-00a7-484b-93d7-eec62d482dad);}<\/style><radialGradient id=\"af6ad9a2-00a7-484b-93d7-eec62d482dad\" cx=\"40.08\" cy=\"34.91\" r=\"43.92\" gradientUnits=\"userSpaceOnUse\"><stop offset=\"0\" stop-color=\"#038dcd\"><\/stop><stop offset=\"1\" stop-color=\"#134a9c\"><\/stop><\/radialGradient><\/defs><path class=\"a78f721a-fde3-4dab-8b77-56b1e2da3591\" d=\"M31.38,18.33A7.26,7.26,0,0,1,24.25,11V7.35a7.13,7.13,0,1,1,14.25,0V11A7.25,7.25,0,0,1,31.38,18.33ZM31.38,2a5.21,5.21,0,0,0-5.1,5.31V11a5.1,5.1,0,1,0,10.19,0V7.35A5.21,5.21,0,0,0,31.38,2Z\"><\/path><path class=\"a78f721a-fde3-4dab-8b77-56b1e2da3591\" d=\"M15.08,13.24a6.11,6.11,0,1,1,6.11-6.11A6.11,6.11,0,0,1,15.08,13.24Zm0-10.19a4.08,4.08,0,1,0,4.08,4.08A4.08,4.08,0,0,0,15.08,3.05Z\"><\/path><path class=\"a78f721a-fde3-4dab-8b77-56b1e2da3591\" d=\"M13.05,34.62h-10a3.12,3.12,0,0,1-2.4-1.14,2.92,2.92,0,0,1-.61-2.42,13.26,13.26,0,0,1,13-10.7,13.11,13.11,0,0,1,7.76,2.52,1,1,0,0,1-1.2,1.65,11.08,11.08,0,0,0-6.56-2.13,11.23,11.23,0,0,0-11,9.05.9.9,0,0,0,.2.74,1.09,1.09,0,0,0,.82.39h10a1,1,0,0,1,0,2Z\"><\/path><path class=\"a78f721a-fde3-4dab-8b77-56b1e2da3591\" d=\"M45.47,40.73H17.28a3.07,3.07,0,0,1-3-3.48,17.31,17.31,0,0,1,34.27,0,3.05,3.05,0,0,1-.71,2.41A3.09,3.09,0,0,1,45.47,40.73ZM31.38,24.44a15.33,15.33,0,0,0-15.12,13.1,1,1,0,0,0,.23.79,1.06,1.06,0,0,0,.79.36H45.47a1,1,0,0,0,.79-.36,1,1,0,0,0,.23-.79A15.33,15.33,0,0,0,31.38,24.44Z\"><\/path><\/svg>\t\t\t<\/div>\n\t\t<\/div>\n\t\t\t\t\t\t<\/div>\n\t\t\t\t<\/div>\n\t\t\t\t<div class=\"elementor-element elementor-element-656188e elementor-widget elementor-widget-heading\" data-id=\"656188e\" data-element_type=\"widget\" data-widget_type=\"heading.default\">\n\t\t\t\t<div class=\"elementor-widget-container\">\n\t\t\t\t\t<h2 class=\"elementor-heading-title elementor-size-default\">Contactez un conseiller<\/h2>\t\t\t\t<\/div>\n\t\t\t\t<\/div>\n\t\t\t\t<div class=\"elementor-element elementor-element-5f168c2 elementor-align-center elementor-widget elementor-widget-button\" data-id=\"5f168c2\" data-element_type=\"widget\" data-widget_type=\"button.default\">\n\t\t\t\t<div class=\"elementor-widget-container\">\n\t\t\t\t\t\t\t\t\t<div class=\"elementor-button-wrapper\">\n\t\t\t\t\t<a class=\"elementor-button elementor-button-link elementor-size-sm\" href=\"http:\/\/veltistafinancial.ca\/meet-an-advisor\/\">\n\t\t\t\t\t\t<span class=\"elementor-button-content-wrapper\">\n\t\t\t\t\t\t\t\t\t<span class=\"elementor-button-text\">Planifiez un appel<\/span>\n\t\t\t\t\t<\/span>\n\t\t\t\t\t<\/a>\n\t\t\t\t<\/div>\n\t\t\t\t\t\t\t\t<\/div>\n\t\t\t\t<\/div>\n\t\t\t\t\t<\/div>\n\t\t<\/div>\n\t\t\t\t\t<\/div>\n\t\t<\/section>\n\t\t\t\t<section class=\"elementor-section elementor-top-section elementor-element elementor-element-ad10095 elementor-section-boxed elementor-section-height-default elementor-section-height-default\" data-id=\"ad10095\" data-element_type=\"section\">\n\t\t\t\t\t\t<div class=\"elementor-container elementor-column-gap-default\">\n\t\t\t\t\t<div class=\"elementor-column elementor-col-100 elementor-top-column elementor-element elementor-element-aeb2d8d\" data-id=\"aeb2d8d\" data-element_type=\"column\">\n\t\t\t<div class=\"elementor-widget-wrap elementor-element-populated\">\n\t\t\t\t\t\t<div class=\"elementor-element elementor-element-38d88fc elementor-button-align-stretch elementor-widget elementor-widget-form\" data-id=\"38d88fc\" data-element_type=\"widget\" data-settings=\"{&quot;step_next_label&quot;:&quot;Suivant&quot;,&quot;step_previous_label&quot;:&quot;Pr\\u00e9c\\u00e9dent&quot;,&quot;button_width&quot;:&quot;100&quot;,&quot;step_type&quot;:&quot;number_text&quot;,&quot;step_icon_shape&quot;:&quot;circle&quot;}\" data-widget_type=\"form.default\">\n\t\t\t\t<div class=\"elementor-widget-container\">\n\t\t\t\t\t\t\t<form class=\"elementor-form\" method=\"post\" name=\"Nouveau formulaire\">\n\t\t\t<input type=\"hidden\" name=\"post_id\" value=\"1412\"\/>\n\t\t\t<input type=\"hidden\" name=\"form_id\" value=\"38d88fc\"\/>\n\t\t\t<input type=\"hidden\" name=\"referer_title\" value=\"Veltista &#8211; Financial Services | Services financiers\" \/>\n\n\t\t\t\n\t\t\t<div class=\"elementor-form-fields-wrapper elementor-labels-above\">\n\t\t\t\t\t\t\t\t<div class=\"elementor-field-type-text elementor-field-group elementor-column elementor-field-group-name elementor-col-100\">\n\t\t\t\t\t\t\t\t\t\t\t\t<label for=\"form-field-name\" class=\"elementor-field-label\">\n\t\t\t\t\t\t\t\tVotre nom\t\t\t\t\t\t\t<\/label>\n\t\t\t\t\t\t\t\t\t\t\t\t\t\t<input size=\"1\" type=\"text\" name=\"form_fields[name]\" id=\"form-field-name\" class=\"elementor-field elementor-size-sm  elementor-field-textual\" placeholder=\"Votre nom\">\n\t\t\t\t\t\t\t\t\t\t\t<\/div>\n\t\t\t\t\t\t\t\t<div class=\"elementor-field-type-email elementor-field-group elementor-column elementor-field-group-email elementor-col-100 elementor-field-required\">\n\t\t\t\t\t\t\t\t\t\t\t\t<label for=\"form-field-email\" class=\"elementor-field-label\">\n\t\t\t\t\t\t\t\tVotre adresse courriel\t\t\t\t\t\t\t<\/label>\n\t\t\t\t\t\t\t\t\t\t\t\t\t\t<input size=\"1\" type=\"email\" name=\"form_fields[email]\" id=\"form-field-email\" class=\"elementor-field elementor-size-sm  elementor-field-textual\" placeholder=\"Votre adresse courriel\" required=\"required\">\n\t\t\t\t\t\t\t\t\t\t\t<\/div>\n\t\t\t\t\t\t\t\t<div class=\"elementor-field-type-text elementor-field-group elementor-column elementor-field-group-field_2811376 elementor-col-100 elementor-field-required\">\n\t\t\t\t\t\t\t\t\t\t\t\t<label for=\"form-field-field_2811376\" class=\"elementor-field-label\">\n\t\t\t\t\t\t\t\tVotre num\u00e9ro de t\u00e9l\u00e9phone\t\t\t\t\t\t\t<\/label>\n\t\t\t\t\t\t\t\t\t\t\t\t\t\t<input size=\"1\" type=\"text\" name=\"form_fields[field_2811376]\" id=\"form-field-field_2811376\" class=\"elementor-field elementor-size-sm  elementor-field-textual\" placeholder=\"514 000-0000\" required=\"required\">\n\t\t\t\t\t\t\t\t\t\t\t<\/div>\n\t\t\t\t\t\t\t\t<div class=\"elementor-field-type-textarea elementor-field-group elementor-column elementor-field-group-message elementor-col-100\">\n\t\t\t\t\t\t\t\t\t\t\t\t<label for=\"form-field-message\" class=\"elementor-field-label\">\n\t\t\t\t\t\t\t\tVotre message\t\t\t\t\t\t\t<\/label>\n\t\t\t\t\t\t<textarea class=\"elementor-field-textual elementor-field  elementor-size-sm\" name=\"form_fields[message]\" id=\"form-field-message\" rows=\"4\" placeholder=\"Message\"><\/textarea>\t\t\t\t<\/div>\n\t\t\t\t\t\t\t\t<div class=\"elementor-field-group elementor-column elementor-field-type-submit elementor-col-100 e-form__buttons\">\n\t\t\t\t\t<button class=\"elementor-button elementor-size-sm\" type=\"submit\">\n\t\t\t\t\t\t<span class=\"elementor-button-content-wrapper\">\n\t\t\t\t\t\t\t\t\t\t\t\t\t\t\t\t\t\t\t\t\t\t<span class=\"elementor-button-text\">Envoyer<\/span>\n\t\t\t\t\t\t\t\t\t\t\t\t\t<\/span>\n\t\t\t\t\t<\/button>\n\t\t\t\t<\/div>\n\t\t\t<\/div>\n\t\t<\/form>\n\t\t\t\t\t\t<\/div>\n\t\t\t\t<\/div>\n\t\t\t\t\t<\/div>\n\t\t<\/div>\n\t\t\t\t\t<\/div>\n\t\t<\/section>\n\t\t\t\t<\/div>\n\t\t","protected":false},"excerpt":{"rendered":"<p>Contactez-nous Nous sommes l\u00e0 pour vous aider Si vous \u00eates pr\u00eat \u00e0 \u00e9tablir un plan financier, \u00e0 parler de vos finances ou si vous avez des questions, nous serions heureux de vous aider \u00e0 vous mettre sur la bonne voie. Un de nos conseillers vous assistera dans les plus brefs d\u00e9lais. Par t\u00e9l\u00e9phone 514 660-2324&hellip; <a class=\"more-link\" href=\"https:\/\/veltistafinancial.ca\/fr\/contactez-nous\/\">Poursuivre la lecture <span class=\"screen-reader-text\">Contactez-nous<\/span><\/a><\/p>\n","protected":false},"author":1,"featured_media":0,"parent":0,"menu_order":0,"comment_status":"closed","ping_status":"closed","template":"elementor_header_footer","meta":{"footnotes":""},"class_list":["post-1412","page","type-page","status-publish","hentry","entry"],"yoast_head":"<!-- This site is optimized with the Yoast SEO plugin v26.4 - https:\/\/yoast.com\/wordpress\/plugins\/seo\/ -->\n<title>Contactez-nous - Veltista - Financial Services | Services financiers<\/title>\n<meta name=\"robots\" content=\"index, follow, max-snippet:-1, max-image-preview:large, max-video-preview:-1\" \/>\n<link rel=\"canonical\" href=\"https:\/\/veltistafinancial.ca\/fr\/contactez-nous\/\" \/>\n<meta property=\"og:locale\" content=\"fr_FR\" \/>\n<meta property=\"og:type\" content=\"article\" \/>\n<meta property=\"og:title\" content=\"Contactez-nous - Veltista - Financial Services | Services financiers\" \/>\n<meta property=\"og:description\" content=\"Contactez-nous Nous sommes l\u00e0 pour vous aider Si vous \u00eates pr\u00eat \u00e0 \u00e9tablir un plan financier, \u00e0 parler de vos finances ou si vous avez des questions, nous serions heureux de vous aider \u00e0 vous mettre sur la bonne voie. Un de nos conseillers vous assistera dans les plus brefs d\u00e9lais. Par t\u00e9l\u00e9phone 514 660-2324&hellip; Poursuivre la lecture Contactez-nous\" \/>\n<meta property=\"og:url\" content=\"https:\/\/veltistafinancial.ca\/fr\/contactez-nous\/\" \/>\n<meta property=\"og:site_name\" content=\"Veltista - Financial Services | Services financiers\" \/>\n<meta property=\"article:modified_time\" content=\"2022-10-05T01:16:35+00:00\" \/>\n<meta name=\"twitter:card\" content=\"summary_large_image\" \/>\n<meta name=\"twitter:label1\" content=\"Dur\u00e9e de lecture estim\u00e9e\" \/>\n\t<meta name=\"twitter:data1\" content=\"1 minute\" \/>\n<script type=\"application\/ld+json\" class=\"yoast-schema-graph\">{\"@context\":\"https:\/\/schema.org\",\"@graph\":[{\"@type\":\"WebPage\",\"@id\":\"https:\/\/veltistafinancial.ca\/fr\/contactez-nous\/\",\"url\":\"https:\/\/veltistafinancial.ca\/fr\/contactez-nous\/\",\"name\":\"Contactez-nous - Veltista - Financial Services | Services financiers\",\"isPartOf\":{\"@id\":\"https:\/\/veltistafinancial.ca\/#website\"},\"datePublished\":\"2022-03-09T12:35:10+00:00\",\"dateModified\":\"2022-10-05T01:16:35+00:00\",\"breadcrumb\":{\"@id\":\"https:\/\/veltistafinancial.ca\/fr\/contactez-nous\/#breadcrumb\"},\"inLanguage\":\"fr-FR\",\"potentialAction\":[{\"@type\":\"ReadAction\",\"target\":[\"https:\/\/veltistafinancial.ca\/fr\/contactez-nous\/\"]}]},{\"@type\":\"BreadcrumbList\",\"@id\":\"https:\/\/veltistafinancial.ca\/fr\/contactez-nous\/#breadcrumb\",\"itemListElement\":[{\"@type\":\"ListItem\",\"position\":1,\"name\":\"Home\",\"item\":\"https:\/\/veltistafinancial.ca\/\"},{\"@type\":\"ListItem\",\"position\":2,\"name\":\"Contactez-nous\"}]},{\"@type\":\"WebSite\",\"@id\":\"https:\/\/veltistafinancial.ca\/#website\",\"url\":\"https:\/\/veltistafinancial.ca\/\",\"name\":\"Veltista - Financial Services | Services financiers\",\"description\":\"Insurance, Saving and Investing solutions\",\"potentialAction\":[{\"@type\":\"SearchAction\",\"target\":{\"@type\":\"EntryPoint\",\"urlTemplate\":\"https:\/\/veltistafinancial.ca\/?s={search_term_string}\"},\"query-input\":{\"@type\":\"PropertyValueSpecification\",\"valueRequired\":true,\"valueName\":\"search_term_string\"}}],\"inLanguage\":\"fr-FR\"}]}<\/script>\n<!-- \/ Yoast SEO plugin. -->","yoast_head_json":{"title":"Contactez-nous - Veltista - Financial Services | Services financiers","robots":{"index":"index","follow":"follow","max-snippet":"max-snippet:-1","max-image-preview":"max-image-preview:large","max-video-preview":"max-video-preview:-1"},"canonical":"https:\/\/veltistafinancial.ca\/fr\/contactez-nous\/","og_locale":"fr_FR","og_type":"article","og_title":"Contactez-nous - Veltista - Financial Services | Services financiers","og_description":"Contactez-nous Nous sommes l\u00e0 pour vous aider Si vous \u00eates pr\u00eat \u00e0 \u00e9tablir un plan financier, \u00e0 parler de vos finances ou si vous avez des questions, nous serions heureux de vous aider \u00e0 vous mettre sur la bonne voie. Un de nos conseillers vous assistera dans les plus brefs d\u00e9lais. Par t\u00e9l\u00e9phone 514 660-2324&hellip; Poursuivre la lecture Contactez-nous","og_url":"https:\/\/veltistafinancial.ca\/fr\/contactez-nous\/","og_site_name":"Veltista - Financial Services | Services financiers","article_modified_time":"2022-10-05T01:16:35+00:00","twitter_card":"summary_large_image","twitter_misc":{"Dur\u00e9e de lecture estim\u00e9e":"1 minute"},"schema":{"@context":"https:\/\/schema.org","@graph":[{"@type":"WebPage","@id":"https:\/\/veltistafinancial.ca\/fr\/contactez-nous\/","url":"https:\/\/veltistafinancial.ca\/fr\/contactez-nous\/","name":"Contactez-nous - Veltista - Financial Services | Services financiers","isPartOf":{"@id":"https:\/\/veltistafinancial.ca\/#website"},"datePublished":"2022-03-09T12:35:10+00:00","dateModified":"2022-10-05T01:16:35+00:00","breadcrumb":{"@id":"https:\/\/veltistafinancial.ca\/fr\/contactez-nous\/#breadcrumb"},"inLanguage":"fr-FR","potentialAction":[{"@type":"ReadAction","target":["https:\/\/veltistafinancial.ca\/fr\/contactez-nous\/"]}]},{"@type":"BreadcrumbList","@id":"https:\/\/veltistafinancial.ca\/fr\/contactez-nous\/#breadcrumb","itemListElement":[{"@type":"ListItem","position":1,"name":"Home","item":"https:\/\/veltistafinancial.ca\/"},{"@type":"ListItem","position":2,"name":"Contactez-nous"}]},{"@type":"WebSite","@id":"https:\/\/veltistafinancial.ca\/#website","url":"https:\/\/veltistafinancial.ca\/","name":"Veltista - Financial Services | Services financiers","description":"Insurance, Saving and Investing solutions","potentialAction":[{"@type":"SearchAction","target":{"@type":"EntryPoint","urlTemplate":"https:\/\/veltistafinancial.ca\/?s={search_term_string}"},"query-input":{"@type":"PropertyValueSpecification","valueRequired":true,"valueName":"search_term_string"}}],"inLanguage":"fr-FR"}]}},"_links":{"self":[{"href":"https:\/\/veltistafinancial.ca\/fr\/wp-json\/wp\/v2\/pages\/1412","targetHints":{"allow":["GET"]}}],"collection":[{"href":"https:\/\/veltistafinancial.ca\/fr\/wp-json\/wp\/v2\/pages"}],"about":[{"href":"https:\/\/veltistafinancial.ca\/fr\/wp-json\/wp\/v2\/types\/page"}],"author":[{"embeddable":true,"href":"https:\/\/veltistafinancial.ca\/fr\/wp-json\/wp\/v2\/users\/1"}],"replies":[{"embeddable":true,"href":"https:\/\/veltistafinancial.ca\/fr\/wp-json\/wp\/v2\/comments?post=1412"}],"version-history":[{"count":20,"href":"https:\/\/veltistafinancial.ca\/fr\/wp-json\/wp\/v2\/pages\/1412\/revisions"}],"predecessor-version":[{"id":2519,"href":"https:\/\/veltistafinancial.ca\/fr\/wp-json\/wp\/v2\/pages\/1412\/revisions\/2519"}],"wp:attachment":[{"href":"https:\/\/veltistafinancial.ca\/fr\/wp-json\/wp\/v2\/media?parent=1412"}],"curies":[{"name":"wp","href":"https:\/\/api.w.org\/{rel}","templated":true}]}}