{"id":2043,"date":"2022-03-16T18:35:52","date_gmt":"2022-03-16T18:35:52","guid":{"rendered":"https:\/\/veltistafinancial.ca\/assurance-medicale-et-dentaire-personnelle\/"},"modified":"2022-03-16T18:35:53","modified_gmt":"2022-03-16T18:35:53","slug":"assurance-medicale-et-dentaire-personnelle","status":"publish","type":"page","link":"https:\/\/veltistafinancial.ca\/fr\/assurance-medicale-et-dentaire-personnelle\/","title":{"rendered":"Assurance m\u00e9dicale et dentaire personnelle"},"content":{"rendered":"\t\t<div data-elementor-type=\"wp-page\" data-elementor-id=\"2043\" class=\"elementor elementor-2043 elementor-2003\" data-elementor-post-type=\"page\">\n\t\t\t\t\t\t<section class=\"elementor-section elementor-top-section elementor-element elementor-element-1a340148 elementor-section-height-min-height elementor-hidden-mobile elementor-section-boxed elementor-section-height-default elementor-section-items-middle elementor-invisible\" data-id=\"1a340148\" data-element_type=\"section\" data-settings=\"{&quot;background_background&quot;:&quot;classic&quot;,&quot;animation&quot;:&quot;fadeIn&quot;}\">\n\t\t\t\t\t\t<div class=\"elementor-container elementor-column-gap-default\">\n\t\t\t\t\t<div class=\"elementor-column elementor-col-50 elementor-top-column elementor-element elementor-element-3a0e51a1 elementor-invisible\" data-id=\"3a0e51a1\" data-element_type=\"column\" data-settings=\"{&quot;animation&quot;:&quot;fadeInUp&quot;,&quot;background_background&quot;:&quot;classic&quot;}\">\n\t\t\t<div class=\"elementor-widget-wrap elementor-element-populated\">\n\t\t\t\t\t\t<div class=\"elementor-element elementor-element-4439c515 elementor-invisible elementor-widget elementor-widget-heading\" data-id=\"4439c515\" data-element_type=\"widget\" data-settings=\"{&quot;_animation&quot;:&quot;fadeInUp&quot;}\" data-widget_type=\"heading.default\">\n\t\t\t\t<div class=\"elementor-widget-container\">\n\t\t\t\t\t<h2 class=\"elementor-heading-title elementor-size-default\">Assurance m\u00e9dicale et dentaire personnelle<\/h2>\t\t\t\t<\/div>\n\t\t\t\t<\/div>\n\t\t\t\t<div class=\"elementor-element elementor-element-48949823 elementor-widget__width-initial elementor-invisible elementor-widget elementor-widget-text-editor\" data-id=\"48949823\" data-element_type=\"widget\" data-settings=\"{&quot;_animation&quot;:&quot;fadeInUp&quot;,&quot;_animation_delay&quot;:100}\" data-widget_type=\"text-editor.default\">\n\t\t\t\t<div class=\"elementor-widget-container\">\n\t\t\t\t\t\t\t\t\t<p>L&rsquo;assurance m\u00e9dicale vous prot\u00e8ge des frais impr\u00e9vus. Avec une couverture ad\u00e9quate, vous pouvez avoir l&rsquo;esprit tranquille en sachant que vous pourrez payer les soins dont vous avez besoin, au moment o\u00f9 vous en avez le plus besoin.<\/p>\t\t\t\t\t\t\t\t<\/div>\n\t\t\t\t<\/div>\n\t\t\t\t\t<\/div>\n\t\t<\/div>\n\t\t\t\t<div class=\"elementor-column elementor-col-50 elementor-top-column elementor-element elementor-element-46098f00\" data-id=\"46098f00\" data-element_type=\"column\">\n\t\t\t<div class=\"elementor-widget-wrap elementor-element-populated\">\n\t\t\t\t\t\t\t<\/div>\n\t\t<\/div>\n\t\t\t\t\t<\/div>\n\t\t<\/section>\n\t\t\t\t<section class=\"elementor-section elementor-top-section elementor-element elementor-element-84eb543 elementor-hidden-desktop elementor-hidden-tablet elementor-section-boxed elementor-section-height-default elementor-section-height-default\" data-id=\"84eb543\" data-element_type=\"section\">\n\t\t\t\t\t\t<div class=\"elementor-container elementor-column-gap-default\">\n\t\t\t\t\t<div class=\"elementor-column elementor-col-33 elementor-top-column elementor-element elementor-element-5a617c53 elementor-hidden-mobile\" data-id=\"5a617c53\" data-element_type=\"column\" data-settings=\"{&quot;background_background&quot;:&quot;classic&quot;}\">\n\t\t\t<div class=\"elementor-widget-wrap elementor-element-populated\">\n\t\t\t\t\t\t\t<\/div>\n\t\t<\/div>\n\t\t\t\t<div class=\"elementor-column elementor-col-33 elementor-top-column elementor-element elementor-element-6eef0894\" data-id=\"6eef0894\" data-element_type=\"column\" data-settings=\"{&quot;background_background&quot;:&quot;slideshow&quot;,&quot;background_slideshow_gallery&quot;:[{&quot;id&quot;:2013,&quot;url&quot;:&quot;http:\\\/\\\/jnf.30b.myftpupload.com\\\/wp-content\\\/uploads\\\/2022\\\/03\\\/Veltista_FamilyComputer.jpg&quot;}],&quot;background_slideshow_loop&quot;:&quot;yes&quot;,&quot;background_slideshow_slide_duration&quot;:5000,&quot;background_slideshow_slide_transition&quot;:&quot;fade&quot;,&quot;background_slideshow_transition_duration&quot;:500}\">\n\t\t\t<div class=\"elementor-widget-wrap elementor-element-populated\">\n\t\t\t\t\t\t<div class=\"elementor-element elementor-element-153e183c elementor-widget elementor-widget-spacer\" data-id=\"153e183c\" data-element_type=\"widget\" data-widget_type=\"spacer.default\">\n\t\t\t\t<div class=\"elementor-widget-container\">\n\t\t\t\t\t\t\t<div class=\"elementor-spacer\">\n\t\t\t<div class=\"elementor-spacer-inner\"><\/div>\n\t\t<\/div>\n\t\t\t\t\t\t<\/div>\n\t\t\t\t<\/div>\n\t\t\t\t\t<\/div>\n\t\t<\/div>\n\t\t\t\t<div class=\"elementor-column elementor-col-33 elementor-top-column elementor-element elementor-element-7a6dc594 elementor-invisible\" data-id=\"7a6dc594\" data-element_type=\"column\" data-settings=\"{&quot;animation&quot;:&quot;fadeInUp&quot;,&quot;background_background&quot;:&quot;classic&quot;}\">\n\t\t\t<div class=\"elementor-widget-wrap elementor-element-populated\">\n\t\t\t\t\t\t<div class=\"elementor-element elementor-element-3fd1f295 elementor-invisible elementor-widget elementor-widget-heading\" data-id=\"3fd1f295\" data-element_type=\"widget\" data-settings=\"{&quot;_animation&quot;:&quot;fadeInUp&quot;}\" data-widget_type=\"heading.default\">\n\t\t\t\t<div class=\"elementor-widget-container\">\n\t\t\t\t\t<h2 class=\"elementor-heading-title elementor-size-default\">Assurance m\u00e9dicale et dentaire personnelle<\/h2>\t\t\t\t<\/div>\n\t\t\t\t<\/div>\n\t\t\t\t<div class=\"elementor-element elementor-element-722f26ed elementor-widget__width-initial elementor-invisible elementor-widget elementor-widget-text-editor\" data-id=\"722f26ed\" data-element_type=\"widget\" data-settings=\"{&quot;_animation&quot;:&quot;fadeInUp&quot;,&quot;_animation_delay&quot;:100}\" data-widget_type=\"text-editor.default\">\n\t\t\t\t<div class=\"elementor-widget-container\">\n\t\t\t\t\t\t\t\t\t<p>L&rsquo;assurance m\u00e9dicale vous prot\u00e8ge des frais impr\u00e9vus. Avec une couverture ad\u00e9quate, vous pouvez avoir l&rsquo;esprit tranquille en sachant que vous pourrez payer les soins dont vous avez besoin, au moment o\u00f9 vous en avez le plus besoin.<\/p>\t\t\t\t\t\t\t\t<\/div>\n\t\t\t\t<\/div>\n\t\t\t\t\t<\/div>\n\t\t<\/div>\n\t\t\t\t\t<\/div>\n\t\t<\/section>\n\t\t\t\t<section class=\"elementor-section elementor-top-section elementor-element elementor-element-95f3ffb elementor-section-boxed elementor-section-height-default elementor-section-height-default\" data-id=\"95f3ffb\" data-element_type=\"section\" data-settings=\"{&quot;background_background&quot;:&quot;classic&quot;}\">\n\t\t\t\t\t\t<div class=\"elementor-container elementor-column-gap-default\">\n\t\t\t\t\t<div class=\"elementor-column elementor-col-33 elementor-top-column elementor-element elementor-element-ab920cf\" data-id=\"ab920cf\" data-element_type=\"column\" data-settings=\"{&quot;background_background&quot;:&quot;classic&quot;}\">\n\t\t\t<div class=\"elementor-widget-wrap elementor-element-populated\">\n\t\t\t\t\t\t<div class=\"elementor-element elementor-element-b790c4f elementor-widget elementor-widget-heading\" data-id=\"b790c4f\" data-element_type=\"widget\" data-widget_type=\"heading.default\">\n\t\t\t\t<div class=\"elementor-widget-container\">\n\t\t\t\t\t<h2 class=\"elementor-heading-title elementor-size-default\">Assurance m\u00e9dicale et dentaire de l'Association Manuvie<\/h2>\t\t\t\t<\/div>\n\t\t\t\t<\/div>\n\t\t\t\t<div class=\"elementor-element elementor-element-1234a74 elementor-widget elementor-widget-text-editor\" data-id=\"1234a74\" data-element_type=\"widget\" data-widget_type=\"text-editor.default\">\n\t\t\t\t<div class=\"elementor-widget-container\">\n\t\t\t\t\t\t\t\t\t<p>Un plan pr\u00e9d\u00e9fini ne convient g\u00e9n\u00e9ralement \u00e0 personne, surtout en ce qui concerne la couverture m\u00e9dicale et dentaire. C&rsquo;est pourquoi le R\u00e9gime d&rsquo;assurance maladie et dentaire de l&rsquo;Association Manuvie offre 8 choix, pour vous offrir la protection qui vous convient, au prix dont vous avez besoin.<\/p>\t\t\t\t\t\t\t\t<\/div>\n\t\t\t\t<\/div>\n\t\t\t\t<div class=\"elementor-element elementor-element-ebd679f elementor-widget elementor-widget-button\" data-id=\"ebd679f\" data-element_type=\"widget\" data-widget_type=\"button.default\">\n\t\t\t\t<div class=\"elementor-widget-container\">\n\t\t\t\t\t\t\t\t\t<div class=\"elementor-button-wrapper\">\n\t\t\t\t\t<a class=\"elementor-button elementor-button-link elementor-size-sm\" href=\"http:\/\/jnf.30b.myftpupload.com\/wp-content\/uploads\/2022\/03\/manulife-insurance-association-health-and-dental-plan-digital-brochuree-1.pdf\" target=\"_blank\">\n\t\t\t\t\t\t<span class=\"elementor-button-content-wrapper\">\n\t\t\t\t\t\t\t\t\t<span class=\"elementor-button-text\">Consulter la brochure<\/span>\n\t\t\t\t\t<\/span>\n\t\t\t\t\t<\/a>\n\t\t\t\t<\/div>\n\t\t\t\t\t\t\t\t<\/div>\n\t\t\t\t<\/div>\n\t\t\t\t\t<\/div>\n\t\t<\/div>\n\t\t\t\t<div class=\"elementor-column elementor-col-33 elementor-top-column elementor-element elementor-element-68ba649\" data-id=\"68ba649\" data-element_type=\"column\" data-settings=\"{&quot;background_background&quot;:&quot;classic&quot;}\">\n\t\t\t<div class=\"elementor-widget-wrap elementor-element-populated\">\n\t\t\t\t\t\t<div class=\"elementor-element elementor-element-d8972f7 elementor-widget elementor-widget-heading\" data-id=\"d8972f7\" data-element_type=\"widget\" data-widget_type=\"heading.default\">\n\t\t\t\t<div class=\"elementor-widget-container\">\n\t\t\t\t\t<h2 class=\"elementor-heading-title elementor-size-default\">Plans FlexSant\u00e9 Manuvie<\/h2>\t\t\t\t<\/div>\n\t\t\t\t<\/div>\n\t\t\t\t<div class=\"elementor-element elementor-element-a75e86a elementor-widget elementor-widget-text-editor\" data-id=\"a75e86a\" data-element_type=\"widget\" data-widget_type=\"text-editor.default\">\n\t\t\t\t<div class=\"elementor-widget-container\">\n\t\t\t\t\t\t\t\t\t<p>C&rsquo;est aussi simple que de choisir le r\u00e9gime de soins dentaires et d&rsquo;assurance-m\u00e9dicaments qui r\u00e9pond le mieux \u00e0 vos besoins et \u00e0 votre budget. Si vous n&rsquo;\u00eates pas couvert par votre employeur ou si votre r\u00e9gime collectif d&#8217;employeur n&rsquo;a pas les niveaux de couverture que vous souhaitez, FlexSant\u00e9 est l\u00e0 pour vous. Obtenez la couverture que vous souhaitez et pr\u00e9parez-vous \u00e0 un avenir en sant\u00e9.<\/p><p> <\/p>\t\t\t\t\t\t\t\t<\/div>\n\t\t\t\t<\/div>\n\t\t\t\t<div class=\"elementor-element elementor-element-03ce8d7 elementor-widget elementor-widget-button\" data-id=\"03ce8d7\" data-element_type=\"widget\" data-widget_type=\"button.default\">\n\t\t\t\t<div class=\"elementor-widget-container\">\n\t\t\t\t\t\t\t\t\t<div class=\"elementor-button-wrapper\">\n\t\t\t\t\t<a class=\"elementor-button elementor-button-link elementor-size-sm\" href=\"http:\/\/jnf.30b.myftpupload.com\/wp-content\/uploads\/2022\/03\/manulife-insurance-flexcare-client-brochure-af1346e-1.pdf\" target=\"_blank\">\n\t\t\t\t\t\t<span class=\"elementor-button-content-wrapper\">\n\t\t\t\t\t\t\t\t\t<span class=\"elementor-button-text\">Consulter la brochure<\/span>\n\t\t\t\t\t<\/span>\n\t\t\t\t\t<\/a>\n\t\t\t\t<\/div>\n\t\t\t\t\t\t\t\t<\/div>\n\t\t\t\t<\/div>\n\t\t\t\t\t<\/div>\n\t\t<\/div>\n\t\t\t\t<div class=\"elementor-column elementor-col-33 elementor-top-column elementor-element elementor-element-5bb44de\" data-id=\"5bb44de\" data-element_type=\"column\">\n\t\t\t<div class=\"elementor-widget-wrap elementor-element-populated\">\n\t\t\t\t\t\t<div class=\"elementor-element elementor-element-06f49c2 elementor-widget elementor-widget-heading\" data-id=\"06f49c2\" data-element_type=\"widget\" data-widget_type=\"heading.default\">\n\t\t\t\t<div class=\"elementor-widget-container\">\n\t\t\t\t\t<h2 class=\"elementor-heading-title elementor-size-default\">Assurance Emporte-Moi de Manuvie<\/h2>\t\t\t\t<\/div>\n\t\t\t\t<\/div>\n\t\t\t\t<div class=\"elementor-element elementor-element-9f11443 elementor-widget elementor-widget-text-editor\" data-id=\"9f11443\" data-element_type=\"widget\" data-widget_type=\"text-editor.default\">\n\t\t\t\t<div class=\"elementor-widget-container\">\n\t\t\t\t\t\t\t\t\t<p>Si vous quittez l&rsquo;entreprise o\u00f9 vous travaillez, vous quittez \u00e9galement le plan de sant\u00e9 de votre entreprise. Mais vous pouvez vous aider \u00e0 rester prot\u00e9g\u00e9, tout en pr\u00e9venant potentiellement de futurs probl\u00e8mes de sant\u00e9, avec une assurance maladie Emporte-Moi fiable et abordable.<\/p>\t\t\t\t\t\t\t\t<\/div>\n\t\t\t\t<\/div>\n\t\t\t\t<div class=\"elementor-element elementor-element-56c30a7 elementor-widget elementor-widget-button\" data-id=\"56c30a7\" data-element_type=\"widget\" data-widget_type=\"button.default\">\n\t\t\t\t<div class=\"elementor-widget-container\">\n\t\t\t\t\t\t\t\t\t<div class=\"elementor-button-wrapper\">\n\t\t\t\t\t<a class=\"elementor-button elementor-button-link elementor-size-sm\" href=\"http:\/\/jnf.30b.myftpupload.com\/wp-content\/uploads\/2022\/03\/manulife-insurance-followme-client-brochure-af1377e.pdf\" target=\"_blank\">\n\t\t\t\t\t\t<span class=\"elementor-button-content-wrapper\">\n\t\t\t\t\t\t\t\t\t<span class=\"elementor-button-text\">Consulter la brochure<\/span>\n\t\t\t\t\t<\/span>\n\t\t\t\t\t<\/a>\n\t\t\t\t<\/div>\n\t\t\t\t\t\t\t\t<\/div>\n\t\t\t\t<\/div>\n\t\t\t\t\t<\/div>\n\t\t<\/div>\n\t\t\t\t\t<\/div>\n\t\t<\/section>\n\t\t\t\t<section class=\"elementor-section elementor-top-section elementor-element elementor-element-73515c6 elementor-section-boxed elementor-section-height-default elementor-section-height-default\" data-id=\"73515c6\" data-element_type=\"section\">\n\t\t\t\t\t\t<div class=\"elementor-container elementor-column-gap-default\">\n\t\t\t\t\t<div class=\"elementor-column elementor-col-100 elementor-top-column elementor-element elementor-element-6b095a4\" data-id=\"6b095a4\" data-element_type=\"column\" data-settings=\"{&quot;background_background&quot;:&quot;gradient&quot;}\">\n\t\t\t<div class=\"elementor-widget-wrap elementor-element-populated\">\n\t\t\t\t\t\t<div class=\"elementor-element elementor-element-fcee442 elementor-widget elementor-widget-spacer\" data-id=\"fcee442\" data-element_type=\"widget\" data-widget_type=\"spacer.default\">\n\t\t\t\t<div class=\"elementor-widget-container\">\n\t\t\t\t\t\t\t<div class=\"elementor-spacer\">\n\t\t\t<div class=\"elementor-spacer-inner\"><\/div>\n\t\t<\/div>\n\t\t\t\t\t\t<\/div>\n\t\t\t\t<\/div>\n\t\t\t\t<div class=\"elementor-element elementor-element-37f29cb elementor-widget elementor-widget-heading\" data-id=\"37f29cb\" data-element_type=\"widget\" data-widget_type=\"heading.default\">\n\t\t\t\t<div class=\"elementor-widget-container\">\n\t\t\t\t\t<h2 class=\"elementor-heading-title elementor-size-default\">Vous avez des questions sur l'assurance ?<\/h2>\t\t\t\t<\/div>\n\t\t\t\t<\/div>\n\t\t\t\t<div class=\"elementor-element elementor-element-5cf01bc elementor-widget elementor-widget-text-editor\" data-id=\"5cf01bc\" data-element_type=\"widget\" data-widget_type=\"text-editor.default\">\n\t\t\t\t<div class=\"elementor-widget-container\">\n\t\t\t\t\t\t\t\t\t<p>Notre \u00e9quipe peut r\u00e9pondre \u00e0 toutes vos questions, comprendre votre situation et vous aider \u00e0 choisir une couverture adapt\u00e9e \u00e0 vos besoins.<\/p>\t\t\t\t\t\t\t\t<\/div>\n\t\t\t\t<\/div>\n\t\t\t\t<div class=\"elementor-element elementor-element-31b8710 elementor-align-center elementor-widget elementor-widget-button\" data-id=\"31b8710\" data-element_type=\"widget\" data-widget_type=\"button.default\">\n\t\t\t\t<div class=\"elementor-widget-container\">\n\t\t\t\t\t\t\t\t\t<div class=\"elementor-button-wrapper\">\n\t\t\t\t\t<a class=\"elementor-button elementor-button-link elementor-size-sm\" href=\"http:\/\/jnf.30b.myftpupload.com\/fr\/contactez-nous\/\">\n\t\t\t\t\t\t<span class=\"elementor-button-content-wrapper\">\n\t\t\t\t\t\t\t\t\t<span class=\"elementor-button-text\">Contactez un conseiller<\/span>\n\t\t\t\t\t<\/span>\n\t\t\t\t\t<\/a>\n\t\t\t\t<\/div>\n\t\t\t\t\t\t\t\t<\/div>\n\t\t\t\t<\/div>\n\t\t\t\t<div class=\"elementor-element elementor-element-445c127 elementor-widget elementor-widget-spacer\" data-id=\"445c127\" data-element_type=\"widget\" data-widget_type=\"spacer.default\">\n\t\t\t\t<div class=\"elementor-widget-container\">\n\t\t\t\t\t\t\t<div class=\"elementor-spacer\">\n\t\t\t<div class=\"elementor-spacer-inner\"><\/div>\n\t\t<\/div>\n\t\t\t\t\t\t<\/div>\n\t\t\t\t<\/div>\n\t\t\t\t\t<\/div>\n\t\t<\/div>\n\t\t\t\t\t<\/div>\n\t\t<\/section>\n\t\t\t\t<\/div>\n\t\t","protected":false},"excerpt":{"rendered":"<p>Assurance m\u00e9dicale et dentaire personnelle L&rsquo;assurance m\u00e9dicale vous prot\u00e8ge des frais impr\u00e9vus. Avec une couverture ad\u00e9quate, vous pouvez avoir l&rsquo;esprit tranquille en sachant que vous pourrez payer les soins dont vous avez besoin, au moment o\u00f9 vous en avez le plus besoin. Assurance m\u00e9dicale et dentaire personnelle L&rsquo;assurance m\u00e9dicale vous prot\u00e8ge des frais impr\u00e9vus. Avec&hellip; <a class=\"more-link\" href=\"https:\/\/veltistafinancial.ca\/fr\/assurance-medicale-et-dentaire-personnelle\/\">Poursuivre la lecture <span class=\"screen-reader-text\">Assurance m\u00e9dicale et dentaire personnelle<\/span><\/a><\/p>\n","protected":false},"author":1,"featured_media":0,"parent":0,"menu_order":0,"comment_status":"closed","ping_status":"closed","template":"elementor_header_footer","meta":{"footnotes":""},"class_list":["post-2043","page","type-page","status-publish","hentry","entry"],"yoast_head":"<!-- This site is optimized with the Yoast SEO plugin v26.4 - https:\/\/yoast.com\/wordpress\/plugins\/seo\/ -->\n<title>Assurance m\u00e9dicale et dentaire personnelle - Veltista - Financial Services | Services financiers<\/title>\n<meta name=\"robots\" content=\"index, follow, max-snippet:-1, max-image-preview:large, max-video-preview:-1\" \/>\n<link rel=\"canonical\" href=\"https:\/\/veltistafinancial.ca\/fr\/assurance-medicale-et-dentaire-personnelle\/\" \/>\n<meta property=\"og:locale\" content=\"fr_FR\" \/>\n<meta property=\"og:type\" content=\"article\" \/>\n<meta property=\"og:title\" content=\"Assurance m\u00e9dicale et dentaire personnelle - Veltista - Financial Services | Services financiers\" \/>\n<meta property=\"og:description\" content=\"Assurance m\u00e9dicale et dentaire personnelle L&rsquo;assurance m\u00e9dicale vous prot\u00e8ge des frais impr\u00e9vus. Avec une couverture ad\u00e9quate, vous pouvez avoir l&rsquo;esprit tranquille en sachant que vous pourrez payer les soins dont vous avez besoin, au moment o\u00f9 vous en avez le plus besoin. Assurance m\u00e9dicale et dentaire personnelle L&rsquo;assurance m\u00e9dicale vous prot\u00e8ge des frais impr\u00e9vus. Avec&hellip; Poursuivre la lecture Assurance m\u00e9dicale et dentaire personnelle\" \/>\n<meta property=\"og:url\" content=\"https:\/\/veltistafinancial.ca\/fr\/assurance-medicale-et-dentaire-personnelle\/\" \/>\n<meta property=\"og:site_name\" content=\"Veltista - Financial Services | Services financiers\" \/>\n<meta property=\"article:modified_time\" content=\"2022-03-16T18:35:53+00:00\" \/>\n<meta name=\"twitter:card\" content=\"summary_large_image\" \/>\n<meta name=\"twitter:label1\" content=\"Dur\u00e9e de lecture estim\u00e9e\" \/>\n\t<meta name=\"twitter:data1\" content=\"2 minutes\" \/>\n<script type=\"application\/ld+json\" class=\"yoast-schema-graph\">{\"@context\":\"https:\/\/schema.org\",\"@graph\":[{\"@type\":\"WebPage\",\"@id\":\"https:\/\/veltistafinancial.ca\/fr\/assurance-medicale-et-dentaire-personnelle\/\",\"url\":\"https:\/\/veltistafinancial.ca\/fr\/assurance-medicale-et-dentaire-personnelle\/\",\"name\":\"Assurance m\u00e9dicale et dentaire personnelle - Veltista - Financial Services | Services financiers\",\"isPartOf\":{\"@id\":\"https:\/\/veltistafinancial.ca\/#website\"},\"datePublished\":\"2022-03-16T18:35:52+00:00\",\"dateModified\":\"2022-03-16T18:35:53+00:00\",\"breadcrumb\":{\"@id\":\"https:\/\/veltistafinancial.ca\/fr\/assurance-medicale-et-dentaire-personnelle\/#breadcrumb\"},\"inLanguage\":\"fr-FR\",\"potentialAction\":[{\"@type\":\"ReadAction\",\"target\":[\"https:\/\/veltistafinancial.ca\/fr\/assurance-medicale-et-dentaire-personnelle\/\"]}]},{\"@type\":\"BreadcrumbList\",\"@id\":\"https:\/\/veltistafinancial.ca\/fr\/assurance-medicale-et-dentaire-personnelle\/#breadcrumb\",\"itemListElement\":[{\"@type\":\"ListItem\",\"position\":1,\"name\":\"Home\",\"item\":\"https:\/\/veltistafinancial.ca\/\"},{\"@type\":\"ListItem\",\"position\":2,\"name\":\"Assurance m\u00e9dicale et dentaire personnelle\"}]},{\"@type\":\"WebSite\",\"@id\":\"https:\/\/veltistafinancial.ca\/#website\",\"url\":\"https:\/\/veltistafinancial.ca\/\",\"name\":\"Veltista - Financial Services | Services financiers\",\"description\":\"Insurance, Saving and Investing solutions\",\"potentialAction\":[{\"@type\":\"SearchAction\",\"target\":{\"@type\":\"EntryPoint\",\"urlTemplate\":\"https:\/\/veltistafinancial.ca\/?s={search_term_string}\"},\"query-input\":{\"@type\":\"PropertyValueSpecification\",\"valueRequired\":true,\"valueName\":\"search_term_string\"}}],\"inLanguage\":\"fr-FR\"}]}<\/script>\n<!-- \/ Yoast SEO plugin. -->","yoast_head_json":{"title":"Assurance m\u00e9dicale et dentaire personnelle - Veltista - Financial Services | Services financiers","robots":{"index":"index","follow":"follow","max-snippet":"max-snippet:-1","max-image-preview":"max-image-preview:large","max-video-preview":"max-video-preview:-1"},"canonical":"https:\/\/veltistafinancial.ca\/fr\/assurance-medicale-et-dentaire-personnelle\/","og_locale":"fr_FR","og_type":"article","og_title":"Assurance m\u00e9dicale et dentaire personnelle - Veltista - Financial Services | Services financiers","og_description":"Assurance m\u00e9dicale et dentaire personnelle L&rsquo;assurance m\u00e9dicale vous prot\u00e8ge des frais impr\u00e9vus. Avec une couverture ad\u00e9quate, vous pouvez avoir l&rsquo;esprit tranquille en sachant que vous pourrez payer les soins dont vous avez besoin, au moment o\u00f9 vous en avez le plus besoin. Assurance m\u00e9dicale et dentaire personnelle L&rsquo;assurance m\u00e9dicale vous prot\u00e8ge des frais impr\u00e9vus. Avec&hellip; Poursuivre la lecture Assurance m\u00e9dicale et dentaire personnelle","og_url":"https:\/\/veltistafinancial.ca\/fr\/assurance-medicale-et-dentaire-personnelle\/","og_site_name":"Veltista - Financial Services | Services financiers","article_modified_time":"2022-03-16T18:35:53+00:00","twitter_card":"summary_large_image","twitter_misc":{"Dur\u00e9e de lecture estim\u00e9e":"2 minutes"},"schema":{"@context":"https:\/\/schema.org","@graph":[{"@type":"WebPage","@id":"https:\/\/veltistafinancial.ca\/fr\/assurance-medicale-et-dentaire-personnelle\/","url":"https:\/\/veltistafinancial.ca\/fr\/assurance-medicale-et-dentaire-personnelle\/","name":"Assurance m\u00e9dicale et dentaire personnelle - Veltista - Financial Services | Services financiers","isPartOf":{"@id":"https:\/\/veltistafinancial.ca\/#website"},"datePublished":"2022-03-16T18:35:52+00:00","dateModified":"2022-03-16T18:35:53+00:00","breadcrumb":{"@id":"https:\/\/veltistafinancial.ca\/fr\/assurance-medicale-et-dentaire-personnelle\/#breadcrumb"},"inLanguage":"fr-FR","potentialAction":[{"@type":"ReadAction","target":["https:\/\/veltistafinancial.ca\/fr\/assurance-medicale-et-dentaire-personnelle\/"]}]},{"@type":"BreadcrumbList","@id":"https:\/\/veltistafinancial.ca\/fr\/assurance-medicale-et-dentaire-personnelle\/#breadcrumb","itemListElement":[{"@type":"ListItem","position":1,"name":"Home","item":"https:\/\/veltistafinancial.ca\/"},{"@type":"ListItem","position":2,"name":"Assurance m\u00e9dicale et dentaire personnelle"}]},{"@type":"WebSite","@id":"https:\/\/veltistafinancial.ca\/#website","url":"https:\/\/veltistafinancial.ca\/","name":"Veltista - Financial Services | Services financiers","description":"Insurance, Saving and Investing solutions","potentialAction":[{"@type":"SearchAction","target":{"@type":"EntryPoint","urlTemplate":"https:\/\/veltistafinancial.ca\/?s={search_term_string}"},"query-input":{"@type":"PropertyValueSpecification","valueRequired":true,"valueName":"search_term_string"}}],"inLanguage":"fr-FR"}]}},"_links":{"self":[{"href":"https:\/\/veltistafinancial.ca\/fr\/wp-json\/wp\/v2\/pages\/2043","targetHints":{"allow":["GET"]}}],"collection":[{"href":"https:\/\/veltistafinancial.ca\/fr\/wp-json\/wp\/v2\/pages"}],"about":[{"href":"https:\/\/veltistafinancial.ca\/fr\/wp-json\/wp\/v2\/types\/page"}],"author":[{"embeddable":true,"href":"https:\/\/veltistafinancial.ca\/fr\/wp-json\/wp\/v2\/users\/1"}],"replies":[{"embeddable":true,"href":"https:\/\/veltistafinancial.ca\/fr\/wp-json\/wp\/v2\/comments?post=2043"}],"version-history":[{"count":1,"href":"https:\/\/veltistafinancial.ca\/fr\/wp-json\/wp\/v2\/pages\/2043\/revisions"}],"predecessor-version":[{"id":2044,"href":"https:\/\/veltistafinancial.ca\/fr\/wp-json\/wp\/v2\/pages\/2043\/revisions\/2044"}],"wp:attachment":[{"href":"https:\/\/veltistafinancial.ca\/fr\/wp-json\/wp\/v2\/media?parent=2043"}],"curies":[{"name":"wp","href":"https:\/\/api.w.org\/{rel}","templated":true}]}}